{"id":911,"date":"2024-04-18T10:02:52","date_gmt":"2024-04-18T08:02:52","guid":{"rendered":"https:\/\/hirzerseilbahn.it\/startseite\/"},"modified":"2026-03-27T07:47:10","modified_gmt":"2026-03-27T06:47:10","slug":"startseite","status":"publish","type":"page","link":"https:\/\/hirzerseilbahn.it\/it\/","title":{"rendered":"Home_it"},"content":{"rendered":"[vc_row type=&#8221;full_width_background&#8221; full_screen_row_position=&#8221;middle&#8221; column_margin=&#8221;default&#8221; column_direction=&#8221;default&#8221; column_direction_tablet=&#8221;default&#8221; column_direction_phone=&#8221;default&#8221; scene_position=&#8221;center&#8221; top_padding=&#8221;5%&#8221; constrain_group_1=&#8221;yes&#8221; bottom_padding=&#8221;5%&#8221; text_color=&#8221;dark&#8221; text_align=&#8221;left&#8221; row_border_radius=&#8221;none&#8221; row_border_radius_applies=&#8221;bg&#8221; row_position_desktop=&#8221;default&#8221; row_position_tablet=&#8221;inherit&#8221; row_position_phone=&#8221;inherit&#8221; overflow=&#8221;visible&#8221; overlay_strength=&#8221;0.3&#8243; gradient_direction=&#8221;left_to_right&#8221; shape_divider_position=&#8221;bottom&#8221; bg_image_animation=&#8221;none&#8221; gradient_type=&#8221;default&#8221; shape_type=&#8221;&#8221;][vc_column column_padding=&#8221;no-extra-padding&#8221; column_padding_tablet=&#8221;inherit&#8221; column_padding_phone=&#8221;inherit&#8221; column_padding_position=&#8221;all&#8221; flex_gap_desktop=&#8221;10px&#8221; column_element_direction_desktop=&#8221;default&#8221; column_element_spacing=&#8221;default&#8221; desktop_text_alignment=&#8221;default&#8221; tablet_text_alignment=&#8221;default&#8221; phone_text_alignment=&#8221;default&#8221; background_color_opacity=&#8221;1&#8243; background_hover_color_opacity=&#8221;1&#8243; column_backdrop_filter=&#8221;none&#8221; column_shadow=&#8221;none&#8221; column_border_radius=&#8221;none&#8221; column_link_target=&#8221;_self&#8221; column_position=&#8221;default&#8221; gradient_direction=&#8221;left_to_right&#8221; overlay_strength=&#8221;0.3&#8243; width=&#8221;1\/1&#8243; tablet_width_inherit=&#8221;default&#8221; animation_type=&#8221;default&#8221; bg_image_animation=&#8221;none&#8221; border_type=&#8221;simple&#8221; column_border_width=&#8221;none&#8221; column_border_style=&#8221;solid&#8221;][vc_row_inner equal_height=&#8221;yes&#8221; content_placement=&#8221;middle&#8221; column_margin=&#8221;default&#8221; column_direction=&#8221;default&#8221; column_direction_tablet=&#8221;default&#8221; column_direction_phone=&#8221;default&#8221; text_align=&#8221;left&#8221; row_position=&#8221;default&#8221; row_position_tablet=&#8221;inherit&#8221; row_position_phone=&#8221;inherit&#8221; overflow=&#8221;visible&#8221; pointer_events=&#8221;all&#8221;][vc_column_inner column_padding=&#8221;padding-6-percent&#8221; column_padding_tablet=&#8221;inherit&#8221; column_padding_phone=&#8221;inherit&#8221; column_padding_position=&#8221;all&#8221; flex_gap_desktop=&#8221;10px&#8221; column_element_direction_desktop=&#8221;default&#8221; column_element_spacing=&#8221;default&#8221; desktop_text_alignment=&#8221;default&#8221; tablet_text_alignment=&#8221;default&#8221; phone_text_alignment=&#8221;default&#8221; background_color=&#8221;#f2f2f2&#8243; background_color_opacity=&#8221;1&#8243; background_hover_color_opacity=&#8221;1&#8243; column_backdrop_filter=&#8221;none&#8221; column_shadow=&#8221;none&#8221; column_border_radius=&#8221;none&#8221; column_link_target=&#8221;_self&#8221; overflow=&#8221;visible&#8221; gradient_direction=&#8221;left_to_right&#8221; overlay_strength=&#8221;0.3&#8243; width=&#8221;1\/2&#8243; tablet_width_inherit=&#8221;default&#8221; animation_type=&#8221;default&#8221; bg_image_animation=&#8221;none&#8221; border_type=&#8221;simple&#8221; column_border_width=&#8221;none&#8221; column_border_style=&#8221;solid&#8221; column_padding_type=&#8221;default&#8221; gradient_type=&#8221;default&#8221;][vc_custom_heading text=&#8221;Escursioni&#8221; font_container=&#8221;tag:h2|text_align:left|color:%23d50001&#8243; use_theme_fonts=&#8221;yes&#8221; css=&#8221;&#8221;][divider line_type=&#8221;No Line&#8221; custom_height=&#8221;20px&#8221;][vc_column_text css=&#8221;&#8221; text_direction=&#8221;default&#8221;]Vivi un rapido salto con la <strong>funivia Hirzer<\/strong> di circa <strong>1.500 metri<\/strong> e scopri uno dei pi\u00f9 bei <strong>paradisi escursionistici<\/strong> dell&#8217;area del Burgraviato.<\/p>\n<p>Alla <strong>stazione a monte di Klammeben,<\/strong> a circa <strong>2.000 metri<\/strong> di altezza, ti attende il soleggiato altopiano del Hirzer e suggestivi sentieri escursionistici che conducono da malga a malga. Da qui partono anche <strong>escursioni alpine<\/strong> impegnative, come la ambita punta Cervina, che attira alpinisti esperti verso cime mozzafiato.[\/vc_column_text][divider line_type=&#8221;No Line&#8221; custom_height=&#8221;20px&#8221;][nectar_cta btn_style=&#8221;arrow-animation&#8221; heading_tag=&#8221;h4&#8243; link_type=&#8221;regular&#8221; button_color=&#8221;default&#8221; text_color=&#8221;#d50001&#8243; button_border_thickness=&#8221;0px&#8221; alignment=&#8221;left&#8221; alignment_tablet=&#8221;default&#8221; alignment_phone=&#8221;default&#8221; display=&#8221;block&#8221; display_tablet=&#8221;inherit&#8221; display_phone=&#8221;inherit&#8221; link_text=&#8221;alle escursioni&#8221; url=&#8221;https:\/\/hirzerseilbahn.it\/it\/escursioni\/&#8221;][\/vc_column_inner][vc_column_inner column_padding=&#8221;no-extra-padding&#8221; column_padding_tablet=&#8221;inherit&#8221; column_padding_phone=&#8221;inherit&#8221; column_padding_position=&#8221;all&#8221; flex_gap_desktop=&#8221;10px&#8221; column_element_direction_desktop=&#8221;default&#8221; column_element_spacing=&#8221;default&#8221; desktop_text_alignment=&#8221;default&#8221; tablet_text_alignment=&#8221;default&#8221; phone_text_alignment=&#8221;default&#8221; background_color_opacity=&#8221;1&#8243; background_hover_color_opacity=&#8221;1&#8243; background_image=&#8221;1496&#8243; background_image_position=&#8221;center bottom&#8221; background_image_stacking=&#8221;default&#8221; enable_bg_scale=&#8221;true&#8221; background_image_loading=&#8221;default&#8221; column_backdrop_filter=&#8221;none&#8221; column_shadow=&#8221;none&#8221; column_border_radius=&#8221;none&#8221; column_link_target=&#8221;_self&#8221; overflow=&#8221;visible&#8221; gradient_direction=&#8221;left_to_right&#8221; overlay_strength=&#8221;0.3&#8243; width=&#8221;1\/2&#8243; tablet_width_inherit=&#8221;default&#8221; animation_type=&#8221;default&#8221; bg_image_animation=&#8221;none&#8221; border_type=&#8221;simple&#8221; column_border_width=&#8221;none&#8221; column_border_style=&#8221;solid&#8221; column_padding_type=&#8221;default&#8221; gradient_type=&#8221;default&#8221;][divider line_type=&#8221;No Line&#8221; custom_height_phone=&#8221;280px&#8221; custom_height_tablet=&#8221;320px&#8221;][\/vc_column_inner][\/vc_row_inner][vc_row_inner equal_height=&#8221;yes&#8221; content_placement=&#8221;middle&#8221; column_margin=&#8221;default&#8221; column_direction=&#8221;default&#8221; column_direction_tablet=&#8221;column_reverse&#8221; column_direction_phone=&#8221;column_reverse&#8221; text_align=&#8221;left&#8221; row_position=&#8221;default&#8221; row_position_tablet=&#8221;inherit&#8221; row_position_phone=&#8221;inherit&#8221; overflow=&#8221;visible&#8221; pointer_events=&#8221;all&#8221;][vc_column_inner column_padding=&#8221;no-extra-padding&#8221; column_padding_tablet=&#8221;inherit&#8221; column_padding_phone=&#8221;inherit&#8221; column_padding_position=&#8221;all&#8221; column_element_direction_desktop=&#8221;default&#8221; column_element_spacing=&#8221;default&#8221; desktop_text_alignment=&#8221;default&#8221; tablet_text_alignment=&#8221;default&#8221; phone_text_alignment=&#8221;default&#8221; background_color_opacity=&#8221;1&#8243; background_hover_color_opacity=&#8221;1&#8243; background_image=&#8221;1783&#8243; background_image_position=&#8221;center bottom&#8221; background_image_stacking=&#8221;default&#8221; enable_bg_scale=&#8221;true&#8221; background_image_loading=&#8221;default&#8221; column_backdrop_filter=&#8221;none&#8221; column_shadow=&#8221;none&#8221; column_border_radius=&#8221;none&#8221; column_link_target=&#8221;_self&#8221; overflow=&#8221;visible&#8221; gradient_direction=&#8221;left_to_right&#8221; overlay_strength=&#8221;0.3&#8243; width=&#8221;1\/2&#8243; tablet_width_inherit=&#8221;default&#8221; animation_type=&#8221;default&#8221; bg_image_animation=&#8221;none&#8221; border_type=&#8221;simple&#8221; column_border_width=&#8221;none&#8221; column_border_style=&#8221;solid&#8221; column_padding_type=&#8221;default&#8221; gradient_type=&#8221;default&#8221; content_layout=&#8221;default&#8221;][divider line_type=&#8221;No Line&#8221; custom_height_phone=&#8221;280px&#8221; custom_height_tablet=&#8221;320px&#8221;][\/vc_column_inner][vc_column_inner column_padding=&#8221;padding-6-percent&#8221; column_padding_tablet=&#8221;inherit&#8221; column_padding_phone=&#8221;inherit&#8221; column_padding_position=&#8221;all&#8221; flex_gap_desktop=&#8221;10px&#8221; column_element_direction_desktop=&#8221;default&#8221; column_element_spacing=&#8221;default&#8221; desktop_text_alignment=&#8221;default&#8221; tablet_text_alignment=&#8221;default&#8221; phone_text_alignment=&#8221;default&#8221; background_color=&#8221;#f2f2f2&#8243; background_color_opacity=&#8221;1&#8243; background_hover_color_opacity=&#8221;1&#8243; column_backdrop_filter=&#8221;none&#8221; column_shadow=&#8221;none&#8221; column_border_radius=&#8221;none&#8221; column_link_target=&#8221;_self&#8221; overflow=&#8221;visible&#8221; gradient_direction=&#8221;left_to_right&#8221; overlay_strength=&#8221;0.3&#8243; width=&#8221;1\/2&#8243; tablet_width_inherit=&#8221;default&#8221; animation_type=&#8221;default&#8221; bg_image_animation=&#8221;none&#8221; border_type=&#8221;simple&#8221; column_border_width=&#8221;none&#8221; column_border_style=&#8221;solid&#8221; column_padding_type=&#8221;default&#8221; gradient_type=&#8221;default&#8221;][vc_custom_heading text=&#8221;Prezzi e orari&#8221; font_container=&#8221;tag:h2|text_align:left|color:%23d50001&#8243; use_theme_fonts=&#8221;yes&#8221; css=&#8221;&#8221;][divider line_type=&#8221;No Line&#8221; custom_height=&#8221;20px&#8221;][vc_column_text css=&#8221;&#8221; text_direction=&#8221;default&#8221;]La moderna <strong>funivia Hirzer<\/strong> ti porta rapidamente a <strong>2000 metri di altitudine.<\/strong><\/p>\n<p>I <strong>prezzi del biglietti<\/strong>\u00a0variano a seconda del percorso e del<strong> tipo di biglietto<\/strong>, con tariffe ridotte per i <strong>bambini dai 6 ai 16 anni<\/strong>, nonch\u00e9 prezzi speciali per il trasporto delle biciclette e per vari tipi di gruppi.<\/p>\n<p>Per la funivia Hirzer sono disponibili anche <strong>abbonamenti stagionali<\/strong>, con e senza opzione parapendio, nonch\u00e9 tariffe speciali per i residenti della provincia di Bolzano e di determinati comuni.[\/vc_column_text][divider line_type=&#8221;No Line&#8221; custom_height=&#8221;20px&#8221;][nectar_cta btn_style=&#8221;arrow-animation&#8221; heading_tag=&#8221;h4&#8243; link_type=&#8221;regular&#8221; button_color=&#8221;default&#8221; text_color=&#8221;#d50001&#8243; button_border_thickness=&#8221;0px&#8221; alignment=&#8221;left&#8221; alignment_tablet=&#8221;default&#8221; alignment_phone=&#8221;default&#8221; display=&#8221;block&#8221; display_tablet=&#8221;inherit&#8221; display_phone=&#8221;inherit&#8221; link_text=&#8221;prezzi e orari&#8221; url=&#8221;https:\/\/hirzerseilbahn.it\/it\/prezzi-e-orari\/&#8221;][\/vc_column_inner][\/vc_row_inner][vc_row_inner equal_height=&#8221;yes&#8221; content_placement=&#8221;middle&#8221; column_margin=&#8221;default&#8221; column_direction=&#8221;default&#8221; column_direction_tablet=&#8221;default&#8221; column_direction_phone=&#8221;default&#8221; text_align=&#8221;left&#8221; row_position=&#8221;default&#8221; row_position_tablet=&#8221;inherit&#8221; row_position_phone=&#8221;inherit&#8221; overflow=&#8221;visible&#8221; pointer_events=&#8221;all&#8221;][vc_column_inner column_padding=&#8221;padding-6-percent&#8221; column_padding_tablet=&#8221;inherit&#8221; column_padding_phone=&#8221;inherit&#8221; column_padding_position=&#8221;all&#8221; flex_gap_desktop=&#8221;10px&#8221; column_element_direction_desktop=&#8221;default&#8221; column_element_spacing=&#8221;default&#8221; desktop_text_alignment=&#8221;default&#8221; tablet_text_alignment=&#8221;default&#8221; phone_text_alignment=&#8221;default&#8221; background_color=&#8221;#f2f2f2&#8243; background_color_opacity=&#8221;1&#8243; background_hover_color_opacity=&#8221;1&#8243; column_backdrop_filter=&#8221;none&#8221; column_shadow=&#8221;none&#8221; column_border_radius=&#8221;none&#8221; column_link_target=&#8221;_self&#8221; overflow=&#8221;visible&#8221; gradient_direction=&#8221;left_to_right&#8221; overlay_strength=&#8221;0.3&#8243; width=&#8221;1\/2&#8243; tablet_width_inherit=&#8221;default&#8221; animation_type=&#8221;default&#8221; bg_image_animation=&#8221;none&#8221; border_type=&#8221;simple&#8221; column_border_width=&#8221;none&#8221; column_border_style=&#8221;solid&#8221; column_padding_type=&#8221;default&#8221; gradient_type=&#8221;default&#8221;][vc_custom_heading text=&#8221;Malghe e rifugi&#8221; font_container=&#8221;tag:h2|text_align:left|color:%23d50001&#8243; use_theme_fonts=&#8221;yes&#8221; css=&#8221;&#8221;][divider line_type=&#8221;No Line&#8221; custom_height=&#8221;20px&#8221;][vc_column_text css=&#8221;&#8221; text_direction=&#8221;default&#8221;]<strong>Le malghe e i rifugi<\/strong> nell&#8217;area del Hirzer offrono una piacevole pausa per <strong>ogni visitatore.<\/strong> In alto, lontano dalla confusione, puoi rilassarti e gustare il meglio: che sia un salame saporito, una birra rinfrescante, conversazioni vivaci o la vista mozzafiato.<\/p>\n<p>La <strong>visita<\/strong> in uno di questi<strong> rifugi <\/strong>\u00e8 una parte essenziale di un&#8217;escursione nell&#8217;area del Hirzer.<\/p>\n<p>In occasione della &#8220;<a href=\"https:\/\/hirzerseilbahn.it\/it\/tallner-sunntig\/\">Tallner Sunntig<\/a>&#8220;, <strong>ogni prima domenica dal mese di maggio ad ottobre<\/strong>\u00a0gli impianti di risalita offrono uno sconto eccezionale.[\/vc_column_text][nectar_cta btn_style=&#8221;underline&#8221; underline_visibility=&#8221;default&#8221; heading_tag=&#8221;p&#8221; link_type=&#8221;new_tab&#8221; button_color=&#8221;default&#8221; text_color=&#8221;#000000&#8243; button_border_thickness=&#8221;0px&#8221; alignment=&#8221;left&#8221; alignment_tablet=&#8221;default&#8221; alignment_phone=&#8221;default&#8221; display=&#8221;block&#8221; display_tablet=&#8221;inherit&#8221; display_phone=&#8221;inherit&#8221; icon_family=&#8221;none&#8221; link_text=&#8221;maggiori informazioni sul Tallner Sunntig&#8221; url=&#8221;https:\/\/tallnersunntig.it\/&#8221;][divider line_type=&#8221;No Line&#8221; custom_height=&#8221;20px&#8221;][nectar_cta btn_style=&#8221;arrow-animation&#8221; heading_tag=&#8221;h4&#8243; link_type=&#8221;regular&#8221; button_color=&#8221;default&#8221; text_color=&#8221;#d50001&#8243; button_border_thickness=&#8221;0px&#8221; alignment=&#8221;left&#8221; alignment_tablet=&#8221;default&#8221; alignment_phone=&#8221;default&#8221; display=&#8221;block&#8221; display_tablet=&#8221;inherit&#8221; display_phone=&#8221;inherit&#8221; link_text=&#8221;alle malghe e rifugi&#8221; url=&#8221;https:\/\/hirzerseilbahn.it\/it\/malghe-e-rifugi\/&#8221;][\/vc_column_inner][vc_column_inner column_padding=&#8221;no-extra-padding&#8221; column_padding_tablet=&#8221;inherit&#8221; column_padding_phone=&#8221;inherit&#8221; column_padding_position=&#8221;all&#8221; flex_gap_desktop=&#8221;10px&#8221; column_element_direction_desktop=&#8221;default&#8221; column_element_spacing=&#8221;default&#8221; desktop_text_alignment=&#8221;default&#8221; tablet_text_alignment=&#8221;default&#8221; phone_text_alignment=&#8221;default&#8221; background_color_opacity=&#8221;1&#8243; background_hover_color_opacity=&#8221;1&#8243; background_image=&#8221;1529&#8243; background_image_position=&#8221;center center&#8221; background_image_stacking=&#8221;default&#8221; enable_bg_scale=&#8221;true&#8221; background_image_loading=&#8221;default&#8221; column_backdrop_filter=&#8221;none&#8221; column_shadow=&#8221;none&#8221; column_border_radius=&#8221;none&#8221; column_link_target=&#8221;_self&#8221; overflow=&#8221;visible&#8221; gradient_direction=&#8221;left_to_right&#8221; overlay_strength=&#8221;0.3&#8243; width=&#8221;1\/2&#8243; tablet_width_inherit=&#8221;default&#8221; animation_type=&#8221;default&#8221; bg_image_animation=&#8221;none&#8221; border_type=&#8221;simple&#8221; column_border_width=&#8221;none&#8221; column_border_style=&#8221;solid&#8221; column_padding_type=&#8221;default&#8221; gradient_type=&#8221;default&#8221;][divider line_type=&#8221;No Line&#8221; custom_height_phone=&#8221;280px&#8221; custom_height_tablet=&#8221;320px&#8221;][\/vc_column_inner][\/vc_row_inner][\/vc_column][\/vc_row]\n","protected":false},"excerpt":{"rendered":"<p>[vc_row type=&#8221;full_width_background&#8221; full_screen_row_position=&#8221;middle&#8221; column_margin=&#8221;default&#8221; column_direction=&#8221;default&#8221; column_direction_tablet=&#8221;default&#8221; column_direction_phone=&#8221;default&#8221; scene_position=&#8221;center&#8221; top_padding=&#8221;5%&#8221; constrain_group_1=&#8221;yes&#8221; bottom_padding=&#8221;5%&#8221; text_color=&#8221;dark&#8221; text_align=&#8221;left&#8221; row_border_radius=&#8221;none&#8221; row_border_radius_applies=&#8221;bg&#8221; row_position_desktop=&#8221;default&#8221; row_position_tablet=&#8221;inherit&#8221; row_position_phone=&#8221;inherit&#8221; overflow=&#8221;visible&#8221; overlay_strength=&#8221;0.3&#8243; gradient_direction=&#8221;left_to_right&#8221; shape_divider_position=&#8221;bottom&#8221; bg_image_animation=&#8221;none&#8221; gradient_type=&#8221;default&#8221; shape_type=&#8221;&#8221;][vc_column column_padding=&#8221;no-extra-padding&#8221; column_padding_tablet=&#8221;inherit&#8221; column_padding_phone=&#8221;inherit&#8221; column_padding_position=&#8221;all&#8221; flex_gap_desktop=&#8221;10px&#8221;&#8230;<\/p>\n","protected":false},"author":1,"featured_media":0,"parent":0,"menu_order":0,"comment_status":"closed","ping_status":"open","template":"","meta":{"footnotes":""},"class_list":["post-911","page","type-page","status-publish"],"yoast_head":"<!-- This site is optimized with the Yoast SEO plugin v27.2 - https:\/\/yoast.com\/product\/yoast-seo-wordpress\/ -->\n<title>Die Hirzer Seilbahn - in wenigen Minuten auf \u00fcber 1.500 Meter H\u00f6he<\/title>\n<meta name=\"description\" content=\"Provate una rapida salita con la funivia Hirzer e scoprite uno dei pi\u00f9 bei paradisi escursionistici del Burggrafenamt.\" \/>\n<meta name=\"robots\" content=\"index, follow, max-snippet:-1, max-image-preview:large, max-video-preview:-1\" \/>\n<link rel=\"canonical\" href=\"https:\/\/hirzerseilbahn.it\/it\/\" \/>\n<meta property=\"og:locale\" content=\"it_IT\" \/>\n<meta property=\"og:type\" content=\"article\" \/>\n<meta property=\"og:title\" content=\"Die Hirzer Seilbahn - in wenigen Minuten auf \u00fcber 1.500 Meter H\u00f6he\" \/>\n<meta property=\"og:description\" content=\"Provate una rapida salita con la funivia Hirzer e scoprite uno dei pi\u00f9 bei paradisi escursionistici del Burggrafenamt.\" \/>\n<meta property=\"og:url\" content=\"https:\/\/hirzerseilbahn.it\/it\/\" \/>\n<meta property=\"og:site_name\" content=\"Hirzer Seilbahn\" \/>\n<meta property=\"article:publisher\" content=\"https:\/\/www.facebook.com\/profile.php?id=61558775782206\" \/>\n<meta property=\"article:modified_time\" content=\"2026-03-27T06:47:10+00:00\" \/>\n<meta name=\"twitter:card\" content=\"summary_large_image\" \/>\n<meta name=\"twitter:label1\" content=\"Tempo di lettura stimato\" \/>\n\t<meta name=\"twitter:data1\" content=\"3 minuti\" \/>\n<script type=\"application\/ld+json\" class=\"yoast-schema-graph\">{\"@context\":\"https:\/\/schema.org\",\"@graph\":[{\"@type\":\"WebPage\",\"@id\":\"https:\/\/hirzerseilbahn.it\/it\/\",\"url\":\"https:\/\/hirzerseilbahn.it\/it\/\",\"name\":\"Die Hirzer Seilbahn - in wenigen Minuten auf \u00fcber 1.500 Meter H\u00f6he\",\"isPartOf\":{\"@id\":\"https:\/\/hirzerseilbahn.it\/#website\"},\"datePublished\":\"2024-04-18T08:02:52+00:00\",\"dateModified\":\"2026-03-27T06:47:10+00:00\",\"description\":\"Provate una rapida salita con la funivia Hirzer e scoprite uno dei pi\u00f9 bei paradisi escursionistici del Burggrafenamt.\",\"breadcrumb\":{\"@id\":\"https:\/\/hirzerseilbahn.it\/it\/#breadcrumb\"},\"inLanguage\":\"it-IT\",\"potentialAction\":[{\"@type\":\"ReadAction\",\"target\":[\"https:\/\/hirzerseilbahn.it\/it\/\"]}]},{\"@type\":\"BreadcrumbList\",\"@id\":\"https:\/\/hirzerseilbahn.it\/it\/#breadcrumb\",\"itemListElement\":[{\"@type\":\"ListItem\",\"position\":1,\"name\":\"Startseite\",\"item\":\"https:\/\/hirzerseilbahn.it\/it\/\"},{\"@type\":\"ListItem\",\"position\":2,\"name\":\"Home_it\"}]},{\"@type\":\"WebSite\",\"@id\":\"https:\/\/hirzerseilbahn.it\/#website\",\"url\":\"https:\/\/hirzerseilbahn.it\/\",\"name\":\"Hirzer Seilbahn\",\"description\":\"Die Hirzer Seilbahn in Passeiertal\",\"publisher\":{\"@id\":\"https:\/\/hirzerseilbahn.it\/#organization\"},\"potentialAction\":[{\"@type\":\"SearchAction\",\"target\":{\"@type\":\"EntryPoint\",\"urlTemplate\":\"https:\/\/hirzerseilbahn.it\/?s={search_term_string}\"},\"query-input\":{\"@type\":\"PropertyValueSpecification\",\"valueRequired\":true,\"valueName\":\"search_term_string\"}}],\"inLanguage\":\"it-IT\"},{\"@type\":\"Organization\",\"@id\":\"https:\/\/hirzerseilbahn.it\/#organization\",\"name\":\"Hirzer Seilbahn\",\"url\":\"https:\/\/hirzerseilbahn.it\/\",\"logo\":{\"@type\":\"ImageObject\",\"inLanguage\":\"it-IT\",\"@id\":\"https:\/\/hirzerseilbahn.it\/#\/schema\/logo\/image\/\",\"url\":\"https:\/\/hirzerseilbahn.it\/wp-content\/uploads\/2024\/04\/logoROT_800px.png\",\"contentUrl\":\"https:\/\/hirzerseilbahn.it\/wp-content\/uploads\/2024\/04\/logoROT_800px.png\",\"width\":512,\"height\":512,\"caption\":\"Hirzer Seilbahn\"},\"image\":{\"@id\":\"https:\/\/hirzerseilbahn.it\/#\/schema\/logo\/image\/\"},\"sameAs\":[\"https:\/\/www.facebook.com\/profile.php?id=61558775782206\"]}]}<\/script>\n<!-- \/ Yoast SEO plugin. -->","yoast_head_json":{"title":"Die Hirzer Seilbahn - in wenigen Minuten auf \u00fcber 1.500 Meter H\u00f6he","description":"Provate una rapida salita con la funivia Hirzer e scoprite uno dei pi\u00f9 bei paradisi escursionistici del Burggrafenamt.","robots":{"index":"index","follow":"follow","max-snippet":"max-snippet:-1","max-image-preview":"max-image-preview:large","max-video-preview":"max-video-preview:-1"},"canonical":"https:\/\/hirzerseilbahn.it\/it\/","og_locale":"it_IT","og_type":"article","og_title":"Die Hirzer Seilbahn - in wenigen Minuten auf \u00fcber 1.500 Meter H\u00f6he","og_description":"Provate una rapida salita con la funivia Hirzer e scoprite uno dei pi\u00f9 bei paradisi escursionistici del Burggrafenamt.","og_url":"https:\/\/hirzerseilbahn.it\/it\/","og_site_name":"Hirzer Seilbahn","article_publisher":"https:\/\/www.facebook.com\/profile.php?id=61558775782206","article_modified_time":"2026-03-27T06:47:10+00:00","twitter_card":"summary_large_image","twitter_misc":{"Tempo di lettura stimato":"3 minuti"},"schema":{"@context":"https:\/\/schema.org","@graph":[{"@type":"WebPage","@id":"https:\/\/hirzerseilbahn.it\/it\/","url":"https:\/\/hirzerseilbahn.it\/it\/","name":"Die Hirzer Seilbahn - in wenigen Minuten auf \u00fcber 1.500 Meter H\u00f6he","isPartOf":{"@id":"https:\/\/hirzerseilbahn.it\/#website"},"datePublished":"2024-04-18T08:02:52+00:00","dateModified":"2026-03-27T06:47:10+00:00","description":"Provate una rapida salita con la funivia Hirzer e scoprite uno dei pi\u00f9 bei paradisi escursionistici del Burggrafenamt.","breadcrumb":{"@id":"https:\/\/hirzerseilbahn.it\/it\/#breadcrumb"},"inLanguage":"it-IT","potentialAction":[{"@type":"ReadAction","target":["https:\/\/hirzerseilbahn.it\/it\/"]}]},{"@type":"BreadcrumbList","@id":"https:\/\/hirzerseilbahn.it\/it\/#breadcrumb","itemListElement":[{"@type":"ListItem","position":1,"name":"Startseite","item":"https:\/\/hirzerseilbahn.it\/it\/"},{"@type":"ListItem","position":2,"name":"Home_it"}]},{"@type":"WebSite","@id":"https:\/\/hirzerseilbahn.it\/#website","url":"https:\/\/hirzerseilbahn.it\/","name":"Hirzer Seilbahn","description":"Die Hirzer Seilbahn in Passeiertal","publisher":{"@id":"https:\/\/hirzerseilbahn.it\/#organization"},"potentialAction":[{"@type":"SearchAction","target":{"@type":"EntryPoint","urlTemplate":"https:\/\/hirzerseilbahn.it\/?s={search_term_string}"},"query-input":{"@type":"PropertyValueSpecification","valueRequired":true,"valueName":"search_term_string"}}],"inLanguage":"it-IT"},{"@type":"Organization","@id":"https:\/\/hirzerseilbahn.it\/#organization","name":"Hirzer Seilbahn","url":"https:\/\/hirzerseilbahn.it\/","logo":{"@type":"ImageObject","inLanguage":"it-IT","@id":"https:\/\/hirzerseilbahn.it\/#\/schema\/logo\/image\/","url":"https:\/\/hirzerseilbahn.it\/wp-content\/uploads\/2024\/04\/logoROT_800px.png","contentUrl":"https:\/\/hirzerseilbahn.it\/wp-content\/uploads\/2024\/04\/logoROT_800px.png","width":512,"height":512,"caption":"Hirzer Seilbahn"},"image":{"@id":"https:\/\/hirzerseilbahn.it\/#\/schema\/logo\/image\/"},"sameAs":["https:\/\/www.facebook.com\/profile.php?id=61558775782206"]}]}},"_links":{"self":[{"href":"https:\/\/hirzerseilbahn.it\/it\/wp-json\/wp\/v2\/pages\/911","targetHints":{"allow":["GET"]}}],"collection":[{"href":"https:\/\/hirzerseilbahn.it\/it\/wp-json\/wp\/v2\/pages"}],"about":[{"href":"https:\/\/hirzerseilbahn.it\/it\/wp-json\/wp\/v2\/types\/page"}],"author":[{"embeddable":true,"href":"https:\/\/hirzerseilbahn.it\/it\/wp-json\/wp\/v2\/users\/1"}],"replies":[{"embeddable":true,"href":"https:\/\/hirzerseilbahn.it\/it\/wp-json\/wp\/v2\/comments?post=911"}],"version-history":[{"count":10,"href":"https:\/\/hirzerseilbahn.it\/it\/wp-json\/wp\/v2\/pages\/911\/revisions"}],"predecessor-version":[{"id":1786,"href":"https:\/\/hirzerseilbahn.it\/it\/wp-json\/wp\/v2\/pages\/911\/revisions\/1786"}],"wp:attachment":[{"href":"https:\/\/hirzerseilbahn.it\/it\/wp-json\/wp\/v2\/media?parent=911"}],"curies":[{"name":"wp","href":"https:\/\/api.w.org\/{rel}","templated":true}]}}