{"id":915,"date":"2024-04-22T09:49:37","date_gmt":"2024-04-22T07:49:37","guid":{"rendered":"https:\/\/hirzerseilbahn.it\/geschichte\/"},"modified":"2024-05-16T10:11:31","modified_gmt":"2024-05-16T08:11:31","slug":"history","status":"publish","type":"page","link":"https:\/\/hirzerseilbahn.it\/it\/history\/","title":{"rendered":"History"},"content":{"rendered":"[vc_row type=&#8221;full_width_content&#8221; full_screen_row_position=&#8221;middle&#8221; column_margin=&#8221;default&#8221; equal_height=&#8221;yes&#8221; content_placement=&#8221;middle&#8221; column_direction=&#8221;default&#8221; column_direction_tablet=&#8221;default&#8221; column_direction_phone=&#8221;default&#8221; full_height=&#8221;yes&#8221; columns_placement=&#8221;stretch&#8221; scene_position=&#8221;center&#8221; text_color=&#8221;dark&#8221; text_align=&#8221;left&#8221; row_border_radius=&#8221;none&#8221; row_border_radius_applies=&#8221;bg&#8221; overflow=&#8221;visible&#8221; overlay_strength=&#8221;0.3&#8243; gradient_direction=&#8221;left_to_right&#8221; shape_divider_position=&#8221;bottom&#8221; bg_image_animation=&#8221;none&#8221;][vc_column column_padding=&#8221;no-extra-padding&#8221; column_padding_tablet=&#8221;inherit&#8221; column_padding_phone=&#8221;inherit&#8221; column_padding_position=&#8221;all&#8221; column_element_direction_desktop=&#8221;default&#8221; column_element_spacing=&#8221;default&#8221; desktop_text_alignment=&#8221;default&#8221; tablet_text_alignment=&#8221;default&#8221; phone_text_alignment=&#8221;default&#8221; background_color_opacity=&#8221;1&#8243; background_hover_color_opacity=&#8221;1&#8243; background_image=&#8221;420&#8243; background_image_position=&#8221;center center&#8221; background_image_stacking=&#8221;default&#8221; background_image_loading=&#8221;default&#8221; column_backdrop_filter=&#8221;none&#8221; column_shadow=&#8221;none&#8221; column_border_radius=&#8221;none&#8221; column_link_target=&#8221;_self&#8221; column_position=&#8221;default&#8221; gradient_direction=&#8221;left_to_right&#8221; overlay_strength=&#8221;0.3&#8243; width=&#8221;1\/2&#8243; tablet_width_inherit=&#8221;default&#8221; animation_type=&#8221;default&#8221; bg_image_animation=&#8221;none&#8221; border_type=&#8221;simple&#8221; column_border_width=&#8221;none&#8221; column_border_style=&#8221;solid&#8221; column_padding_type=&#8221;default&#8221; gradient_type=&#8221;default&#8221;][divider line_type=&#8221;No Line&#8221; custom_height=&#8221;500&#8243;][\/vc_column][vc_column column_padding=&#8221;padding-8-percent&#8221; column_padding_tablet=&#8221;inherit&#8221; column_padding_phone=&#8221;inherit&#8221; column_padding_position=&#8221;all&#8221; column_element_direction_desktop=&#8221;default&#8221; column_element_spacing=&#8221;default&#8221; desktop_text_alignment=&#8221;default&#8221; tablet_text_alignment=&#8221;default&#8221; phone_text_alignment=&#8221;default&#8221; background_color=&#8221;#ffffff&#8221; background_color_opacity=&#8221;1&#8243; background_hover_color_opacity=&#8221;1&#8243; column_backdrop_filter=&#8221;none&#8221; column_shadow=&#8221;none&#8221; column_border_radius=&#8221;none&#8221; column_link_target=&#8221;_self&#8221; column_position=&#8221;default&#8221; gradient_direction=&#8221;left_to_right&#8221; overlay_strength=&#8221;0.3&#8243; width=&#8221;1\/2&#8243; tablet_width_inherit=&#8221;default&#8221; animation_type=&#8221;default&#8221; bg_image_animation=&#8221;none&#8221; border_type=&#8221;simple&#8221; column_border_width=&#8221;none&#8221; column_border_style=&#8221;solid&#8221;][vc_custom_heading text=&#8221;Il pioniere delle funivie&#8221; font_container=&#8221;tag:h1|text_align:left|color:%23d50001&#8243; use_theme_fonts=&#8221;yes&#8221; css=&#8221;&#8221;][vc_custom_heading text=&#8221;Josef Hillebrand&#8221; font_container=&#8221;tag:h4|font_size:35px|text_align:left|color:%23d50001|line_height:45px&#8221; use_theme_fonts=&#8221;yes&#8221; css=&#8221;.vc_custom_1715761262004{padding-bottom: 5% !important;}&#8221;][vc_column_text css=&#8221;.vc_custom_1715847090261{padding-right: 10% !important;}&#8221; text_direction=&#8221;default&#8221;]Eretta nei primi anni Settanta con grande dispendio di risorse economiche e <strong>organizzative dal pioniere<\/strong> delle funivie Josef Hillebrand di Merano, la funivia Hirzer \u00e8 entrata in funzione nel <strong>dicembre del 1974<\/strong>. Per un decennio l&#8217;impianto ha funzionato sia in estate che in inverno (stagione sciistica). Dal <strong>1989 le corse<\/strong> vengono effettuate nel periodo compreso<strong> tra la fine di marzo e l&#8217;inizio di novembre.<\/strong> Anche grazie alle bellezze dell&#8217;area escursionistica Hirzer ricca di malghe e ristoranti, la funivia gode di grande popolarit\u00e0.<\/p>\n<p>Dall&#8217;opera <strong>pionieristica<\/strong> di Josef Hillebrand, morto nel 2010, l&#8217;intera zona di monte Cervina ha tratto prosperit\u00e0 e gratificazione. Di questo la comunit\u00e0 gli \u00e8 <strong>profondamente riconoscente<\/strong>, cos\u00ec come \u00e8 sinceramente grata al personale che ha lavorato con grande impegno e in condizioni difficili, e ai sostenitori del progetto che hanno contribuito alla <strong>realizzazione<\/strong> e al buon funzionamento dell&#8217;impianto.[\/vc_column_text][vc_row_inner column_margin=&#8221;default&#8221; column_direction=&#8221;default&#8221; column_direction_tablet=&#8221;default&#8221; column_direction_phone=&#8221;default&#8221; text_align=&#8221;left&#8221; row_position=&#8221;default&#8221; row_position_tablet=&#8221;inherit&#8221; row_position_phone=&#8221;inherit&#8221; overflow=&#8221;visible&#8221; pointer_events=&#8221;all&#8221;][vc_column_inner column_padding=&#8221;no-extra-padding&#8221; column_padding_tablet=&#8221;inherit&#8221; column_padding_phone=&#8221;inherit&#8221; column_padding_position=&#8221;all&#8221; column_element_direction_desktop=&#8221;default&#8221; column_element_spacing=&#8221;default&#8221; desktop_text_alignment=&#8221;default&#8221; tablet_text_alignment=&#8221;default&#8221; phone_text_alignment=&#8221;default&#8221; background_color_opacity=&#8221;1&#8243; background_hover_color_opacity=&#8221;1&#8243; column_backdrop_filter=&#8221;none&#8221; column_shadow=&#8221;none&#8221; column_border_radius=&#8221;none&#8221; column_link_target=&#8221;_self&#8221; overflow=&#8221;visible&#8221; gradient_direction=&#8221;left_to_right&#8221; overlay_strength=&#8221;0.3&#8243; width=&#8221;1\/2&#8243; tablet_width_inherit=&#8221;default&#8221; animation_type=&#8221;default&#8221; bg_image_animation=&#8221;none&#8221; border_type=&#8221;simple&#8221; column_border_width=&#8221;none&#8221; column_border_style=&#8221;solid&#8221;][image_with_animation image_url=&#8221;109&#8243; image_size=&#8221;full&#8221; animation_type=&#8221;entrance&#8221; animation=&#8221;None&#8221; animation_movement_type=&#8221;transform_y&#8221; hover_animation=&#8221;none&#8221; alignment=&#8221;&#8221; border_radius=&#8221;none&#8221; box_shadow=&#8221;none&#8221; image_loading=&#8221;default&#8221; max_width=&#8221;100%&#8221; max_width_mobile=&#8221;default&#8221;][\/vc_column_inner][vc_column_inner column_padding=&#8221;no-extra-padding&#8221; column_padding_tablet=&#8221;inherit&#8221; column_padding_phone=&#8221;inherit&#8221; column_padding_position=&#8221;all&#8221; column_element_direction_desktop=&#8221;default&#8221; column_element_spacing=&#8221;default&#8221; desktop_text_alignment=&#8221;default&#8221; tablet_text_alignment=&#8221;default&#8221; phone_text_alignment=&#8221;default&#8221; background_color_opacity=&#8221;1&#8243; background_hover_color_opacity=&#8221;1&#8243; column_backdrop_filter=&#8221;none&#8221; column_shadow=&#8221;none&#8221; column_border_radius=&#8221;none&#8221; column_link_target=&#8221;_self&#8221; overflow=&#8221;visible&#8221; gradient_direction=&#8221;left_to_right&#8221; overlay_strength=&#8221;0.3&#8243; width=&#8221;1\/2&#8243; tablet_width_inherit=&#8221;default&#8221; animation_type=&#8221;default&#8221; bg_image_animation=&#8221;none&#8221; border_type=&#8221;simple&#8221; column_border_width=&#8221;none&#8221; column_border_style=&#8221;solid&#8221;][\/vc_column_inner][\/vc_row_inner][\/vc_column][\/vc_row]\n","protected":false},"excerpt":{"rendered":"<p>[vc_row type=&#8221;full_width_content&#8221; full_screen_row_position=&#8221;middle&#8221; column_margin=&#8221;default&#8221; equal_height=&#8221;yes&#8221; content_placement=&#8221;middle&#8221; column_direction=&#8221;default&#8221; column_direction_tablet=&#8221;default&#8221; column_direction_phone=&#8221;default&#8221; full_height=&#8221;yes&#8221; columns_placement=&#8221;stretch&#8221; scene_position=&#8221;center&#8221; text_color=&#8221;dark&#8221; text_align=&#8221;left&#8221; row_border_radius=&#8221;none&#8221; row_border_radius_applies=&#8221;bg&#8221; overflow=&#8221;visible&#8221; overlay_strength=&#8221;0.3&#8243; gradient_direction=&#8221;left_to_right&#8221; shape_divider_position=&#8221;bottom&#8221; bg_image_animation=&#8221;none&#8221;][vc_column column_padding=&#8221;no-extra-padding&#8221; column_padding_tablet=&#8221;inherit&#8221; column_padding_phone=&#8221;inherit&#8221; column_padding_position=&#8221;all&#8221; column_element_direction_desktop=&#8221;default&#8221; column_element_spacing=&#8221;default&#8221; desktop_text_alignment=&#8221;default&#8221; tablet_text_alignment=&#8221;default&#8221; phone_text_alignment=&#8221;default&#8221;&#8230;<\/p>\n","protected":false},"author":2,"featured_media":0,"parent":0,"menu_order":1,"comment_status":"closed","ping_status":"closed","template":"","meta":{"footnotes":""},"class_list":["post-915","page","type-page","status-publish"],"yoast_head":"<!-- This site is optimized with the Yoast SEO plugin v27.2 - https:\/\/yoast.com\/product\/yoast-seo-wordpress\/ -->\n<title>History &#8211; Hirzer Seilbahn<\/title>\n<meta name=\"description\" content=\"Il progetto preferito di Josef Hillebrand, la funivia di Hirzer, \u00e8 in funzione dal 1974, e solo in estate dal 1989.\" \/>\n<meta name=\"robots\" content=\"index, follow, max-snippet:-1, max-image-preview:large, max-video-preview:-1\" \/>\n<link rel=\"canonical\" href=\"https:\/\/hirzerseilbahn.it\/it\/history\/\" \/>\n<meta property=\"og:locale\" content=\"it_IT\" \/>\n<meta property=\"og:type\" content=\"article\" \/>\n<meta property=\"og:title\" content=\"History &#8211; Hirzer Seilbahn\" \/>\n<meta property=\"og:description\" content=\"Il progetto preferito di Josef Hillebrand, la funivia di Hirzer, \u00e8 in funzione dal 1974, e solo in estate dal 1989.\" \/>\n<meta property=\"og:url\" content=\"https:\/\/hirzerseilbahn.it\/it\/history\/\" \/>\n<meta property=\"og:site_name\" content=\"Hirzer Seilbahn\" \/>\n<meta property=\"article:publisher\" content=\"https:\/\/www.facebook.com\/profile.php?id=61558775782206\" \/>\n<meta property=\"article:modified_time\" content=\"2024-05-16T08:11:31+00:00\" \/>\n<meta name=\"twitter:card\" content=\"summary_large_image\" \/>\n<meta name=\"twitter:label1\" content=\"Tempo di lettura stimato\" \/>\n\t<meta name=\"twitter:data1\" content=\"3 minuti\" \/>\n<script type=\"application\/ld+json\" class=\"yoast-schema-graph\">{\"@context\":\"https:\/\/schema.org\",\"@graph\":[{\"@type\":\"WebPage\",\"@id\":\"https:\/\/hirzerseilbahn.it\/it\/history\/\",\"url\":\"https:\/\/hirzerseilbahn.it\/it\/history\/\",\"name\":\"History &#8211; Hirzer Seilbahn\",\"isPartOf\":{\"@id\":\"https:\/\/hirzerseilbahn.it\/#website\"},\"datePublished\":\"2024-04-22T07:49:37+00:00\",\"dateModified\":\"2024-05-16T08:11:31+00:00\",\"description\":\"Il progetto preferito di Josef Hillebrand, la funivia di Hirzer, \u00e8 in funzione dal 1974, e solo in estate dal 1989.\",\"breadcrumb\":{\"@id\":\"https:\/\/hirzerseilbahn.it\/it\/history\/#breadcrumb\"},\"inLanguage\":\"it-IT\",\"potentialAction\":[{\"@type\":\"ReadAction\",\"target\":[\"https:\/\/hirzerseilbahn.it\/it\/history\/\"]}]},{\"@type\":\"BreadcrumbList\",\"@id\":\"https:\/\/hirzerseilbahn.it\/it\/history\/#breadcrumb\",\"itemListElement\":[{\"@type\":\"ListItem\",\"position\":1,\"name\":\"Startseite\",\"item\":\"https:\/\/hirzerseilbahn.it\/it\/\"},{\"@type\":\"ListItem\",\"position\":2,\"name\":\"History\"}]},{\"@type\":\"WebSite\",\"@id\":\"https:\/\/hirzerseilbahn.it\/#website\",\"url\":\"https:\/\/hirzerseilbahn.it\/\",\"name\":\"Hirzer Seilbahn\",\"description\":\"Die Hirzer Seilbahn in Passeiertal\",\"publisher\":{\"@id\":\"https:\/\/hirzerseilbahn.it\/#organization\"},\"potentialAction\":[{\"@type\":\"SearchAction\",\"target\":{\"@type\":\"EntryPoint\",\"urlTemplate\":\"https:\/\/hirzerseilbahn.it\/?s={search_term_string}\"},\"query-input\":{\"@type\":\"PropertyValueSpecification\",\"valueRequired\":true,\"valueName\":\"search_term_string\"}}],\"inLanguage\":\"it-IT\"},{\"@type\":\"Organization\",\"@id\":\"https:\/\/hirzerseilbahn.it\/#organization\",\"name\":\"Hirzer Seilbahn\",\"url\":\"https:\/\/hirzerseilbahn.it\/\",\"logo\":{\"@type\":\"ImageObject\",\"inLanguage\":\"it-IT\",\"@id\":\"https:\/\/hirzerseilbahn.it\/#\/schema\/logo\/image\/\",\"url\":\"https:\/\/hirzerseilbahn.it\/wp-content\/uploads\/2024\/04\/logoROT_800px.png\",\"contentUrl\":\"https:\/\/hirzerseilbahn.it\/wp-content\/uploads\/2024\/04\/logoROT_800px.png\",\"width\":512,\"height\":512,\"caption\":\"Hirzer Seilbahn\"},\"image\":{\"@id\":\"https:\/\/hirzerseilbahn.it\/#\/schema\/logo\/image\/\"},\"sameAs\":[\"https:\/\/www.facebook.com\/profile.php?id=61558775782206\"]}]}<\/script>\n<!-- \/ Yoast SEO plugin. -->","yoast_head_json":{"title":"History &#8211; Hirzer Seilbahn","description":"Il progetto preferito di Josef Hillebrand, la funivia di Hirzer, \u00e8 in funzione dal 1974, e solo in estate dal 1989.","robots":{"index":"index","follow":"follow","max-snippet":"max-snippet:-1","max-image-preview":"max-image-preview:large","max-video-preview":"max-video-preview:-1"},"canonical":"https:\/\/hirzerseilbahn.it\/it\/history\/","og_locale":"it_IT","og_type":"article","og_title":"History &#8211; Hirzer Seilbahn","og_description":"Il progetto preferito di Josef Hillebrand, la funivia di Hirzer, \u00e8 in funzione dal 1974, e solo in estate dal 1989.","og_url":"https:\/\/hirzerseilbahn.it\/it\/history\/","og_site_name":"Hirzer Seilbahn","article_publisher":"https:\/\/www.facebook.com\/profile.php?id=61558775782206","article_modified_time":"2024-05-16T08:11:31+00:00","twitter_card":"summary_large_image","twitter_misc":{"Tempo di lettura stimato":"3 minuti"},"schema":{"@context":"https:\/\/schema.org","@graph":[{"@type":"WebPage","@id":"https:\/\/hirzerseilbahn.it\/it\/history\/","url":"https:\/\/hirzerseilbahn.it\/it\/history\/","name":"History &#8211; Hirzer Seilbahn","isPartOf":{"@id":"https:\/\/hirzerseilbahn.it\/#website"},"datePublished":"2024-04-22T07:49:37+00:00","dateModified":"2024-05-16T08:11:31+00:00","description":"Il progetto preferito di Josef Hillebrand, la funivia di Hirzer, \u00e8 in funzione dal 1974, e solo in estate dal 1989.","breadcrumb":{"@id":"https:\/\/hirzerseilbahn.it\/it\/history\/#breadcrumb"},"inLanguage":"it-IT","potentialAction":[{"@type":"ReadAction","target":["https:\/\/hirzerseilbahn.it\/it\/history\/"]}]},{"@type":"BreadcrumbList","@id":"https:\/\/hirzerseilbahn.it\/it\/history\/#breadcrumb","itemListElement":[{"@type":"ListItem","position":1,"name":"Startseite","item":"https:\/\/hirzerseilbahn.it\/it\/"},{"@type":"ListItem","position":2,"name":"History"}]},{"@type":"WebSite","@id":"https:\/\/hirzerseilbahn.it\/#website","url":"https:\/\/hirzerseilbahn.it\/","name":"Hirzer Seilbahn","description":"Die Hirzer Seilbahn in Passeiertal","publisher":{"@id":"https:\/\/hirzerseilbahn.it\/#organization"},"potentialAction":[{"@type":"SearchAction","target":{"@type":"EntryPoint","urlTemplate":"https:\/\/hirzerseilbahn.it\/?s={search_term_string}"},"query-input":{"@type":"PropertyValueSpecification","valueRequired":true,"valueName":"search_term_string"}}],"inLanguage":"it-IT"},{"@type":"Organization","@id":"https:\/\/hirzerseilbahn.it\/#organization","name":"Hirzer Seilbahn","url":"https:\/\/hirzerseilbahn.it\/","logo":{"@type":"ImageObject","inLanguage":"it-IT","@id":"https:\/\/hirzerseilbahn.it\/#\/schema\/logo\/image\/","url":"https:\/\/hirzerseilbahn.it\/wp-content\/uploads\/2024\/04\/logoROT_800px.png","contentUrl":"https:\/\/hirzerseilbahn.it\/wp-content\/uploads\/2024\/04\/logoROT_800px.png","width":512,"height":512,"caption":"Hirzer Seilbahn"},"image":{"@id":"https:\/\/hirzerseilbahn.it\/#\/schema\/logo\/image\/"},"sameAs":["https:\/\/www.facebook.com\/profile.php?id=61558775782206"]}]}},"_links":{"self":[{"href":"https:\/\/hirzerseilbahn.it\/it\/wp-json\/wp\/v2\/pages\/915","targetHints":{"allow":["GET"]}}],"collection":[{"href":"https:\/\/hirzerseilbahn.it\/it\/wp-json\/wp\/v2\/pages"}],"about":[{"href":"https:\/\/hirzerseilbahn.it\/it\/wp-json\/wp\/v2\/types\/page"}],"author":[{"embeddable":true,"href":"https:\/\/hirzerseilbahn.it\/it\/wp-json\/wp\/v2\/users\/2"}],"replies":[{"embeddable":true,"href":"https:\/\/hirzerseilbahn.it\/it\/wp-json\/wp\/v2\/comments?post=915"}],"version-history":[{"count":5,"href":"https:\/\/hirzerseilbahn.it\/it\/wp-json\/wp\/v2\/pages\/915\/revisions"}],"predecessor-version":[{"id":1286,"href":"https:\/\/hirzerseilbahn.it\/it\/wp-json\/wp\/v2\/pages\/915\/revisions\/1286"}],"wp:attachment":[{"href":"https:\/\/hirzerseilbahn.it\/it\/wp-json\/wp\/v2\/media?parent=915"}],"curies":[{"name":"wp","href":"https:\/\/api.w.org\/{rel}","templated":true}]}}