{"id":936,"date":"2024-04-22T09:51:08","date_gmt":"2024-04-22T07:51:08","guid":{"rendered":"https:\/\/hirzerseilbahn.it\/anfahrt\/"},"modified":"2024-05-16T09:17:00","modified_gmt":"2024-05-16T07:17:00","slug":"come-arrivare","status":"publish","type":"page","link":"https:\/\/hirzerseilbahn.it\/it\/come-arrivare\/","title":{"rendered":"Come arrivare"},"content":{"rendered":"[vc_row type=&#8221;full_width_content&#8221; full_screen_row_position=&#8221;middle&#8221; column_margin=&#8221;default&#8221; equal_height=&#8221;yes&#8221; content_placement=&#8221;middle&#8221; column_direction=&#8221;default&#8221; column_direction_tablet=&#8221;default&#8221; column_direction_phone=&#8221;default&#8221; full_height=&#8221;yes&#8221; columns_placement=&#8221;stretch&#8221; scene_position=&#8221;center&#8221; text_color=&#8221;dark&#8221; text_align=&#8221;left&#8221; row_border_radius=&#8221;none&#8221; row_border_radius_applies=&#8221;bg&#8221; overflow=&#8221;visible&#8221; overlay_strength=&#8221;0.3&#8243; gradient_direction=&#8221;left_to_right&#8221; shape_divider_position=&#8221;bottom&#8221; bg_image_animation=&#8221;none&#8221;][vc_column column_padding=&#8221;no-extra-padding&#8221; column_padding_tablet=&#8221;inherit&#8221; column_padding_phone=&#8221;inherit&#8221; column_padding_position=&#8221;all&#8221; column_element_direction_desktop=&#8221;default&#8221; column_element_spacing=&#8221;default&#8221; centered_text=&#8221;true&#8221; desktop_text_alignment=&#8221;default&#8221; tablet_text_alignment=&#8221;default&#8221; phone_text_alignment=&#8221;default&#8221; background_color_opacity=&#8221;1&#8243; background_hover_color_opacity=&#8221;1&#8243; background_image=&#8221;233&#8243; background_image_position=&#8221;center center&#8221; background_image_stacking=&#8221;default&#8221; background_image_loading=&#8221;default&#8221; column_backdrop_filter=&#8221;none&#8221; column_shadow=&#8221;none&#8221; column_border_radius=&#8221;none&#8221; column_link_target=&#8221;_self&#8221; column_position=&#8221;default&#8221; gradient_direction=&#8221;left_to_right&#8221; overlay_strength=&#8221;0.3&#8243; width=&#8221;1\/2&#8243; tablet_width_inherit=&#8221;default&#8221; animation_type=&#8221;default&#8221; bg_image_animation=&#8221;none&#8221; border_type=&#8221;simple&#8221; column_border_width=&#8221;none&#8221; column_border_style=&#8221;solid&#8221; column_padding_type=&#8221;default&#8221; gradient_type=&#8221;default&#8221;][vc_raw_html css=&#8221;&#8221;]PGlmcmFtZSBzcmM9Imh0dHBzOi8vd3d3Lmdvb2dsZS5jb20vbWFwcy9lbWJlZD9wYj0hMW0xOCExbTEyITFtMyExZDQ5OTEuMzA4MDI0MDIxODM0ITJkMTEuMTk2MzEwNTA4NzQ5MDQ5ITNkNDYuNzMwMDUzMDY0OTQ1NTUhMm0zITFmMCEyZjAhM2YwITNtMiExaTEwMjQhMmk3NjghNGYxMy4xITNtMyExbTIhMXMweDQ3ODJiYTEwYjAzZTUxNmIlM0EweGIyMjBiYTExZjJkZDg1NDYhMnNIaXJ6ZXIlMjBTZWlsYmFobiUyMFRhbHN0YXRpb24hNWUwITNtMiExc2RlITJzaXQhNHYxNzEzOTQxMTg5Mjg5ITVtMiExc2RlITJzaXQiIHdpZHRoPSI2MDAiIGhlaWdodD0iNDUwIiBzdHlsZT0iYm9yZGVyOjA7IiBhbGxvd2Z1bGxzY3JlZW49IiIgbG9hZGluZz0ibGF6eSIgcmVmZXJyZXJwb2xpY3k9Im5vLXJlZmVycmVyLXdoZW4tZG93bmdyYWRlIj48L2lmcmFtZT4=[\/vc_raw_html][divider line_type=&#8221;No Line&#8221; custom_height=&#8221;500&#8243;][\/vc_column][vc_column column_padding=&#8221;padding-8-percent&#8221; column_padding_tablet=&#8221;inherit&#8221; column_padding_phone=&#8221;inherit&#8221; column_padding_position=&#8221;all&#8221; column_element_direction_desktop=&#8221;default&#8221; column_element_spacing=&#8221;default&#8221; desktop_text_alignment=&#8221;default&#8221; tablet_text_alignment=&#8221;default&#8221; phone_text_alignment=&#8221;default&#8221; background_color=&#8221;#ffffff&#8221; background_color_opacity=&#8221;1&#8243; background_hover_color_opacity=&#8221;1&#8243; column_backdrop_filter=&#8221;none&#8221; column_shadow=&#8221;none&#8221; column_border_radius=&#8221;none&#8221; column_link_target=&#8221;_self&#8221; column_position=&#8221;default&#8221; gradient_direction=&#8221;left_to_right&#8221; overlay_strength=&#8221;0.3&#8243; width=&#8221;1\/2&#8243; tablet_width_inherit=&#8221;default&#8221; animation_type=&#8221;default&#8221; bg_image_animation=&#8221;none&#8221; border_type=&#8221;simple&#8221; column_border_width=&#8221;none&#8221; column_border_style=&#8221;solid&#8221;][vc_custom_heading text=&#8221;Come arrivare&#8221; font_container=&#8221;tag:h1|text_align:left|color:%23d50001&#8243; use_theme_fonts=&#8221;yes&#8221; css=&#8221;&#8221;][divider line_type=&#8221;No Line&#8221; custom_height=&#8221;50&#8243;][nectar_icon icon_family=&#8221;iconsmind&#8221; icon_style=&#8221;border-animation&#8221; icon_border_thickness=&#8221;1px&#8221; icon_color_type=&#8221;color_scheme&#8221; icon_color=&#8221;Extra-Color-3&#8243; icon_padding=&#8221;15px&#8221; pointer_events=&#8221;all&#8221; icon_iconsmind=&#8221;iconsmind-Car-3&#8243; margin_bottom=&#8221;10&#8243; icon_size=&#8221;30&#8243;][vc_custom_heading text=&#8221;con macchina&#8221; font_container=&#8221;tag:h4|text_align:left|color:%23d50001&#8243; use_theme_fonts=&#8221;yes&#8221; css=&#8221;&#8221;][vc_column_text css=&#8221;&#8221; text_direction=&#8221;default&#8221;]La funivia Hirzer pu\u00f2 essere raggiunta in due modi:<\/p>\n<ol>\n<li><strong>Viaggiare via Merano:<\/strong> se provenite da localit\u00e0 come la Val Venosta, Bolzano ecc. il vostro percorso vi porter\u00e0 prima a Merano. Da l\u00ec si prosegue verso la Val Passiria fino a raggiungere Saltusio.<\/li>\n<li><strong>Attraverso il Passo Giovo:<\/strong> il viaggio attraverso il Passo Giovo offre un&#8217;alternativa pittoresca. Attraversando il passo, si attraversa l&#8217;incantevole paesaggio della Val Passiria fino a raggiungere Saltusio.<\/li>\n<\/ol>\n<p><strong>Alla stazione a valle c&#8217;\u00e8 un ampio parcheggio gratuito!<\/strong>[\/vc_column_text][divider line_type=&#8221;No Line&#8221; custom_height=&#8221;30&#8243;][nectar_icon icon_family=&#8221;iconsmind&#8221; icon_style=&#8221;border-animation&#8221; icon_border_thickness=&#8221;1px&#8221; icon_color_type=&#8221;color_scheme&#8221; icon_color=&#8221;Extra-Color-3&#8243; icon_padding=&#8221;15px&#8221; pointer_events=&#8221;all&#8221; icon_iconsmind=&#8221;iconsmind-Bus&#8221; margin_bottom=&#8221;10&#8243; icon_size=&#8221;30&#8243;][vc_custom_heading text=&#8221;con autobus&#8221; font_container=&#8221;tag:h4|text_align:left|color:%23d50001&#8243; use_theme_fonts=&#8221;yes&#8221; css=&#8221;&#8221;][vc_column_text css=&#8221;&#8221; text_direction=&#8221;default&#8221;]Saltusio dispone di un collegamento <strong>autobus<\/strong> con la citt\u00e0 di Merano. La fermata della <strong>linea Merano &#8211; Val Passiria<\/strong> si trova nelle immediate vicinanze della stazione a valle. Le corse si effettuano a cadenza semioraria.<\/p>\n<p>Per ulteriori informazioni sul trasporto pubblico in provincia di Bolzano, consultate i siti<\/p>\n<p style=\"text-align: left;\"><a href=\"https:\/\/www.merano-suedtirol.it\/it\/val-passiria.html\" target=\"_blank\" rel=\"noopener\" data-htmlarea-external=\"1\">www.passeiertal.it<\/a> | <a href=\"https:\/\/sad.it\/it\" target=\"_blank\" rel=\"noopener\" data-htmlarea-external=\"1\">www.sad.it <\/a> | <a href=\"https:\/\/www.suedtirolmobil.info\/it\/\" target=\"_blank\" rel=\"noopener\" data-htmlarea-external=\"1\">www.suedtirolmobil.info<\/a><\/p>\n[\/vc_column_text][\/vc_column][\/vc_row]\n","protected":false},"excerpt":{"rendered":"<p>[vc_row type=&#8221;full_width_content&#8221; full_screen_row_position=&#8221;middle&#8221; column_margin=&#8221;default&#8221; equal_height=&#8221;yes&#8221; content_placement=&#8221;middle&#8221; column_direction=&#8221;default&#8221; column_direction_tablet=&#8221;default&#8221; column_direction_phone=&#8221;default&#8221; full_height=&#8221;yes&#8221; columns_placement=&#8221;stretch&#8221; scene_position=&#8221;center&#8221; text_color=&#8221;dark&#8221; text_align=&#8221;left&#8221; row_border_radius=&#8221;none&#8221; row_border_radius_applies=&#8221;bg&#8221; overflow=&#8221;visible&#8221; overlay_strength=&#8221;0.3&#8243; gradient_direction=&#8221;left_to_right&#8221; shape_divider_position=&#8221;bottom&#8221; bg_image_animation=&#8221;none&#8221;][vc_column column_padding=&#8221;no-extra-padding&#8221; column_padding_tablet=&#8221;inherit&#8221; column_padding_phone=&#8221;inherit&#8221; column_padding_position=&#8221;all&#8221; column_element_direction_desktop=&#8221;default&#8221; column_element_spacing=&#8221;default&#8221; centered_text=&#8221;true&#8221; desktop_text_alignment=&#8221;default&#8221; tablet_text_alignment=&#8221;default&#8221;&#8230;<\/p>\n","protected":false},"author":2,"featured_media":0,"parent":0,"menu_order":5,"comment_status":"closed","ping_status":"closed","template":"","meta":{"footnotes":""},"class_list":["post-936","page","type-page","status-publish"],"yoast_head":"<!-- This site is optimized with the Yoast SEO plugin v27.2 - https:\/\/yoast.com\/product\/yoast-seo-wordpress\/ -->\n<title>Come arrivare &#8211; Hirzer Seilbahn<\/title>\n<meta name=\"description\" content=\"La stazione a valle della funivia Hirzer \u00e8 facilmente raggiungibile in auto o in autobus. Per saperne di pi\u00f9, cliccate qui.\" \/>\n<meta name=\"robots\" content=\"index, follow, max-snippet:-1, max-image-preview:large, max-video-preview:-1\" \/>\n<link rel=\"canonical\" href=\"https:\/\/hirzerseilbahn.it\/it\/come-arrivare\/\" \/>\n<meta property=\"og:locale\" content=\"it_IT\" \/>\n<meta property=\"og:type\" content=\"article\" \/>\n<meta property=\"og:title\" content=\"Come arrivare &#8211; Hirzer Seilbahn\" \/>\n<meta property=\"og:description\" content=\"La stazione a valle della funivia Hirzer \u00e8 facilmente raggiungibile in auto o in autobus. Per saperne di pi\u00f9, cliccate qui.\" \/>\n<meta property=\"og:url\" content=\"https:\/\/hirzerseilbahn.it\/it\/come-arrivare\/\" \/>\n<meta property=\"og:site_name\" content=\"Hirzer Seilbahn\" \/>\n<meta property=\"article:publisher\" content=\"https:\/\/www.facebook.com\/profile.php?id=61558775782206\" \/>\n<meta property=\"article:modified_time\" content=\"2024-05-16T07:17:00+00:00\" \/>\n<meta name=\"twitter:card\" content=\"summary_large_image\" \/>\n<meta name=\"twitter:label1\" content=\"Tempo di lettura stimato\" \/>\n\t<meta name=\"twitter:data1\" content=\"2 minuti\" \/>\n<script type=\"application\/ld+json\" class=\"yoast-schema-graph\">{\"@context\":\"https:\/\/schema.org\",\"@graph\":[{\"@type\":\"WebPage\",\"@id\":\"https:\/\/hirzerseilbahn.it\/it\/come-arrivare\/\",\"url\":\"https:\/\/hirzerseilbahn.it\/it\/come-arrivare\/\",\"name\":\"Come arrivare &#8211; Hirzer Seilbahn\",\"isPartOf\":{\"@id\":\"https:\/\/hirzerseilbahn.it\/#website\"},\"datePublished\":\"2024-04-22T07:51:08+00:00\",\"dateModified\":\"2024-05-16T07:17:00+00:00\",\"description\":\"La stazione a valle della funivia Hirzer \u00e8 facilmente raggiungibile in auto o in autobus. Per saperne di pi\u00f9, cliccate qui.\",\"breadcrumb\":{\"@id\":\"https:\/\/hirzerseilbahn.it\/it\/come-arrivare\/#breadcrumb\"},\"inLanguage\":\"it-IT\",\"potentialAction\":[{\"@type\":\"ReadAction\",\"target\":[\"https:\/\/hirzerseilbahn.it\/it\/come-arrivare\/\"]}]},{\"@type\":\"BreadcrumbList\",\"@id\":\"https:\/\/hirzerseilbahn.it\/it\/come-arrivare\/#breadcrumb\",\"itemListElement\":[{\"@type\":\"ListItem\",\"position\":1,\"name\":\"Startseite\",\"item\":\"https:\/\/hirzerseilbahn.it\/it\/\"},{\"@type\":\"ListItem\",\"position\":2,\"name\":\"Come arrivare\"}]},{\"@type\":\"WebSite\",\"@id\":\"https:\/\/hirzerseilbahn.it\/#website\",\"url\":\"https:\/\/hirzerseilbahn.it\/\",\"name\":\"Hirzer Seilbahn\",\"description\":\"Die Hirzer Seilbahn in Passeiertal\",\"publisher\":{\"@id\":\"https:\/\/hirzerseilbahn.it\/#organization\"},\"potentialAction\":[{\"@type\":\"SearchAction\",\"target\":{\"@type\":\"EntryPoint\",\"urlTemplate\":\"https:\/\/hirzerseilbahn.it\/?s={search_term_string}\"},\"query-input\":{\"@type\":\"PropertyValueSpecification\",\"valueRequired\":true,\"valueName\":\"search_term_string\"}}],\"inLanguage\":\"it-IT\"},{\"@type\":\"Organization\",\"@id\":\"https:\/\/hirzerseilbahn.it\/#organization\",\"name\":\"Hirzer Seilbahn\",\"url\":\"https:\/\/hirzerseilbahn.it\/\",\"logo\":{\"@type\":\"ImageObject\",\"inLanguage\":\"it-IT\",\"@id\":\"https:\/\/hirzerseilbahn.it\/#\/schema\/logo\/image\/\",\"url\":\"https:\/\/hirzerseilbahn.it\/wp-content\/uploads\/2024\/04\/logoROT_800px.png\",\"contentUrl\":\"https:\/\/hirzerseilbahn.it\/wp-content\/uploads\/2024\/04\/logoROT_800px.png\",\"width\":512,\"height\":512,\"caption\":\"Hirzer Seilbahn\"},\"image\":{\"@id\":\"https:\/\/hirzerseilbahn.it\/#\/schema\/logo\/image\/\"},\"sameAs\":[\"https:\/\/www.facebook.com\/profile.php?id=61558775782206\"]}]}<\/script>\n<!-- \/ Yoast SEO plugin. -->","yoast_head_json":{"title":"Come arrivare &#8211; Hirzer Seilbahn","description":"La stazione a valle della funivia Hirzer \u00e8 facilmente raggiungibile in auto o in autobus. Per saperne di pi\u00f9, cliccate qui.","robots":{"index":"index","follow":"follow","max-snippet":"max-snippet:-1","max-image-preview":"max-image-preview:large","max-video-preview":"max-video-preview:-1"},"canonical":"https:\/\/hirzerseilbahn.it\/it\/come-arrivare\/","og_locale":"it_IT","og_type":"article","og_title":"Come arrivare &#8211; Hirzer Seilbahn","og_description":"La stazione a valle della funivia Hirzer \u00e8 facilmente raggiungibile in auto o in autobus. Per saperne di pi\u00f9, cliccate qui.","og_url":"https:\/\/hirzerseilbahn.it\/it\/come-arrivare\/","og_site_name":"Hirzer Seilbahn","article_publisher":"https:\/\/www.facebook.com\/profile.php?id=61558775782206","article_modified_time":"2024-05-16T07:17:00+00:00","twitter_card":"summary_large_image","twitter_misc":{"Tempo di lettura stimato":"2 minuti"},"schema":{"@context":"https:\/\/schema.org","@graph":[{"@type":"WebPage","@id":"https:\/\/hirzerseilbahn.it\/it\/come-arrivare\/","url":"https:\/\/hirzerseilbahn.it\/it\/come-arrivare\/","name":"Come arrivare &#8211; Hirzer Seilbahn","isPartOf":{"@id":"https:\/\/hirzerseilbahn.it\/#website"},"datePublished":"2024-04-22T07:51:08+00:00","dateModified":"2024-05-16T07:17:00+00:00","description":"La stazione a valle della funivia Hirzer \u00e8 facilmente raggiungibile in auto o in autobus. Per saperne di pi\u00f9, cliccate qui.","breadcrumb":{"@id":"https:\/\/hirzerseilbahn.it\/it\/come-arrivare\/#breadcrumb"},"inLanguage":"it-IT","potentialAction":[{"@type":"ReadAction","target":["https:\/\/hirzerseilbahn.it\/it\/come-arrivare\/"]}]},{"@type":"BreadcrumbList","@id":"https:\/\/hirzerseilbahn.it\/it\/come-arrivare\/#breadcrumb","itemListElement":[{"@type":"ListItem","position":1,"name":"Startseite","item":"https:\/\/hirzerseilbahn.it\/it\/"},{"@type":"ListItem","position":2,"name":"Come arrivare"}]},{"@type":"WebSite","@id":"https:\/\/hirzerseilbahn.it\/#website","url":"https:\/\/hirzerseilbahn.it\/","name":"Hirzer Seilbahn","description":"Die Hirzer Seilbahn in Passeiertal","publisher":{"@id":"https:\/\/hirzerseilbahn.it\/#organization"},"potentialAction":[{"@type":"SearchAction","target":{"@type":"EntryPoint","urlTemplate":"https:\/\/hirzerseilbahn.it\/?s={search_term_string}"},"query-input":{"@type":"PropertyValueSpecification","valueRequired":true,"valueName":"search_term_string"}}],"inLanguage":"it-IT"},{"@type":"Organization","@id":"https:\/\/hirzerseilbahn.it\/#organization","name":"Hirzer Seilbahn","url":"https:\/\/hirzerseilbahn.it\/","logo":{"@type":"ImageObject","inLanguage":"it-IT","@id":"https:\/\/hirzerseilbahn.it\/#\/schema\/logo\/image\/","url":"https:\/\/hirzerseilbahn.it\/wp-content\/uploads\/2024\/04\/logoROT_800px.png","contentUrl":"https:\/\/hirzerseilbahn.it\/wp-content\/uploads\/2024\/04\/logoROT_800px.png","width":512,"height":512,"caption":"Hirzer Seilbahn"},"image":{"@id":"https:\/\/hirzerseilbahn.it\/#\/schema\/logo\/image\/"},"sameAs":["https:\/\/www.facebook.com\/profile.php?id=61558775782206"]}]}},"_links":{"self":[{"href":"https:\/\/hirzerseilbahn.it\/it\/wp-json\/wp\/v2\/pages\/936","targetHints":{"allow":["GET"]}}],"collection":[{"href":"https:\/\/hirzerseilbahn.it\/it\/wp-json\/wp\/v2\/pages"}],"about":[{"href":"https:\/\/hirzerseilbahn.it\/it\/wp-json\/wp\/v2\/types\/page"}],"author":[{"embeddable":true,"href":"https:\/\/hirzerseilbahn.it\/it\/wp-json\/wp\/v2\/users\/2"}],"replies":[{"embeddable":true,"href":"https:\/\/hirzerseilbahn.it\/it\/wp-json\/wp\/v2\/comments?post=936"}],"version-history":[{"count":10,"href":"https:\/\/hirzerseilbahn.it\/it\/wp-json\/wp\/v2\/pages\/936\/revisions"}],"predecessor-version":[{"id":1270,"href":"https:\/\/hirzerseilbahn.it\/it\/wp-json\/wp\/v2\/pages\/936\/revisions\/1270"}],"wp:attachment":[{"href":"https:\/\/hirzerseilbahn.it\/it\/wp-json\/wp\/v2\/media?parent=936"}],"curies":[{"name":"wp","href":"https:\/\/api.w.org\/{rel}","templated":true}]}}