{"id":958,"date":"2024-04-22T10:05:58","date_gmt":"2024-04-22T08:05:58","guid":{"rendered":"https:\/\/hirzerseilbahn.it\/nordic-walking\/"},"modified":"2024-06-12T08:54:44","modified_gmt":"2024-06-12T06:54:44","slug":"nordic-walking","status":"publish","type":"page","link":"https:\/\/hirzerseilbahn.it\/it\/nordic-walking\/","title":{"rendered":"Nordic Walking"},"content":{"rendered":"[vc_row type=&#8221;full_width_content&#8221; full_screen_row_position=&#8221;middle&#8221; column_margin=&#8221;default&#8221; equal_height=&#8221;yes&#8221; content_placement=&#8221;middle&#8221; column_direction=&#8221;default&#8221; column_direction_tablet=&#8221;default&#8221; column_direction_phone=&#8221;default&#8221; full_height=&#8221;yes&#8221; columns_placement=&#8221;stretch&#8221; scene_position=&#8221;center&#8221; text_color=&#8221;dark&#8221; text_align=&#8221;left&#8221; row_border_radius=&#8221;none&#8221; row_border_radius_applies=&#8221;bg&#8221; overflow=&#8221;visible&#8221; overlay_strength=&#8221;0.3&#8243; gradient_direction=&#8221;left_to_right&#8221; shape_divider_position=&#8221;bottom&#8221; bg_image_animation=&#8221;none&#8221;][vc_column column_padding=&#8221;no-extra-padding&#8221; column_padding_tablet=&#8221;inherit&#8221; column_padding_phone=&#8221;inherit&#8221; column_padding_position=&#8221;all&#8221; column_element_direction_desktop=&#8221;default&#8221; column_element_spacing=&#8221;default&#8221; desktop_text_alignment=&#8221;default&#8221; tablet_text_alignment=&#8221;default&#8221; phone_text_alignment=&#8221;default&#8221; background_color_opacity=&#8221;1&#8243; background_hover_color_opacity=&#8221;1&#8243; background_image=&#8221;1547&#8243; background_image_position=&#8221;center center&#8221; background_image_stacking=&#8221;default&#8221; enable_bg_scale=&#8221;true&#8221; background_image_loading=&#8221;default&#8221; column_backdrop_filter=&#8221;none&#8221; column_shadow=&#8221;none&#8221; column_border_radius=&#8221;none&#8221; column_link_target=&#8221;_self&#8221; column_position=&#8221;default&#8221; gradient_direction=&#8221;left_to_right&#8221; overlay_strength=&#8221;0.3&#8243; width=&#8221;1\/2&#8243; tablet_width_inherit=&#8221;default&#8221; animation_type=&#8221;default&#8221; bg_image_animation=&#8221;none&#8221; border_type=&#8221;simple&#8221; column_border_width=&#8221;none&#8221; column_border_style=&#8221;solid&#8221; column_padding_type=&#8221;default&#8221; gradient_type=&#8221;default&#8221;][divider line_type=&#8221;No Line&#8221; custom_height=&#8221;500&#8243;][\/vc_column][vc_column column_padding=&#8221;padding-8-percent&#8221; column_padding_tablet=&#8221;inherit&#8221; column_padding_phone=&#8221;inherit&#8221; column_padding_position=&#8221;all&#8221; column_element_direction_desktop=&#8221;default&#8221; column_element_spacing=&#8221;default&#8221; desktop_text_alignment=&#8221;default&#8221; tablet_text_alignment=&#8221;default&#8221; phone_text_alignment=&#8221;default&#8221; background_color=&#8221;#ffffff&#8221; background_color_opacity=&#8221;1&#8243; background_hover_color_opacity=&#8221;1&#8243; column_backdrop_filter=&#8221;none&#8221; column_shadow=&#8221;none&#8221; column_border_radius=&#8221;none&#8221; column_link_target=&#8221;_self&#8221; column_position=&#8221;default&#8221; gradient_direction=&#8221;left_to_right&#8221; overlay_strength=&#8221;0.3&#8243; width=&#8221;1\/2&#8243; tablet_width_inherit=&#8221;default&#8221; animation_type=&#8221;default&#8221; bg_image_animation=&#8221;none&#8221; border_type=&#8221;simple&#8221; column_border_width=&#8221;none&#8221; column_border_style=&#8221;solid&#8221;][vc_custom_heading text=&#8221;Nordic Walking&#8221; font_container=&#8221;tag:h1|text_align:left|color:%23d50001&#8243; use_theme_fonts=&#8221;yes&#8221; css=&#8221;&#8221;][vc_column_text css=&#8221;.vc_custom_1715756115408{padding-top: 3% !important;}&#8221; text_direction=&#8221;default&#8221;]\n<p style=\"text-align: left;\">Il nordic walking offre una splendida <strong>combinazione<\/strong> tra il piacere <strong>della natur<\/strong>a e <strong>l&#8217;allenamento fisico<\/strong>. Rispetto al jogging, questa attivit\u00e0 \u00e8 pi\u00f9 dolce, ma altrettanto benefica <strong>per la salute<\/strong>, e anche i principianti possono provare il nordic walking in Val Passiria. I numerosi sentieri dell&#8217;area escursionistica di Hirzer offrono <strong>percorsi ideali<\/strong> per l&#8217;allenamento. Un esempio \u00e8 il sentiero circolare di <strong>dieci chilometri<\/strong> che parte da Prenn e passa per Grube fino alla Gampenalm e ritorno, perfetto per il nordic walking.<\/p>\n[\/vc_column_text][divider line_type=&#8221;No Line&#8221; custom_height=&#8221;40&#8243;][vc_custom_heading text=&#8221;Percorsi&#8221; font_container=&#8221;tag:h2|text_align:left|color:%23d50001&#8243; use_theme_fonts=&#8221;yes&#8221; css=&#8221;&#8221;][nectar_icon icon_family=&#8221;iconsmind&#8221; icon_style=&#8221;border-animation&#8221; icon_border_thickness=&#8221;1px&#8221; icon_color_type=&#8221;color_scheme&#8221; icon_color=&#8221;Extra-Color-3&#8243; icon_padding=&#8221;15px&#8221; pointer_events=&#8221;all&#8221; icon_iconsmind=&#8221;iconsmind-Skate-Shoes&#8221; margin_bottom=&#8221;10&#8243; icon_size=&#8221;30&#8243;][vc_custom_heading text=&#8221;Klammeben \u2013 Stafell \u2013 Grube \u2013 Gompmalm \u2013 Hirzerh\u00fctte \u2013 Klammeben&#8221; font_container=&#8221;tag:h4|font_size:18px|text_align:left|color:%23d50001|line_height:28px&#8221; use_theme_fonts=&#8221;yes&#8221; css=&#8221;&#8221;][divider line_type=&#8221;No Line&#8221; custom_height=&#8221;5&#8243;][vc_column_text css=&#8221;&#8221; text_direction=&#8221;default&#8221;]<strong>lunghezza: <\/strong>6,4 km<br \/>\n<strong>dislivello: <\/strong>200 m<br \/>\n<strong>partenza da: <\/strong> Klammeben[\/vc_column_text][divider line_type=&#8221;No Line&#8221; custom_height=&#8221;50&#8243;][nectar_icon icon_family=&#8221;iconsmind&#8221; icon_style=&#8221;border-animation&#8221; icon_border_thickness=&#8221;1px&#8221; icon_color_type=&#8221;color_scheme&#8221; icon_color=&#8221;Extra-Color-3&#8243; icon_padding=&#8221;15px&#8221; pointer_events=&#8221;all&#8221; icon_iconsmind=&#8221;iconsmind-Trekking&#8221; margin_bottom=&#8221;10&#8243; icon_size=&#8221;30&#8243;][vc_custom_heading text=&#8221;Prenn \u2013 Oberkirn \u2013 Grube \u2013 Gompmalm \u2013 Hochwies \u2013 Prenn&#8221; font_container=&#8221;tag:h4|font_size:18px|text_align:left|color:%23d50001|line_height:28px&#8221; use_theme_fonts=&#8221;yes&#8221; css=&#8221;&#8221;][divider line_type=&#8221;No Line&#8221; custom_height=&#8221;5&#8243;][vc_column_text css=&#8221;&#8221; text_direction=&#8221;default&#8221;]<strong>lunghezza: <\/strong>10,7 km<br \/>\n<strong>dislivello: <\/strong>450 m<br \/>\n<strong>partenza da: <\/strong>Prenn[\/vc_column_text][\/vc_column][\/vc_row]\n","protected":false},"excerpt":{"rendered":"<p>[vc_row type=&#8221;full_width_content&#8221; full_screen_row_position=&#8221;middle&#8221; column_margin=&#8221;default&#8221; equal_height=&#8221;yes&#8221; content_placement=&#8221;middle&#8221; column_direction=&#8221;default&#8221; column_direction_tablet=&#8221;default&#8221; column_direction_phone=&#8221;default&#8221; full_height=&#8221;yes&#8221; columns_placement=&#8221;stretch&#8221; scene_position=&#8221;center&#8221; text_color=&#8221;dark&#8221; text_align=&#8221;left&#8221; row_border_radius=&#8221;none&#8221; row_border_radius_applies=&#8221;bg&#8221; overflow=&#8221;visible&#8221; overlay_strength=&#8221;0.3&#8243; gradient_direction=&#8221;left_to_right&#8221; shape_divider_position=&#8221;bottom&#8221; bg_image_animation=&#8221;none&#8221;][vc_column column_padding=&#8221;no-extra-padding&#8221; column_padding_tablet=&#8221;inherit&#8221; column_padding_phone=&#8221;inherit&#8221; column_padding_position=&#8221;all&#8221; column_element_direction_desktop=&#8221;default&#8221; column_element_spacing=&#8221;default&#8221; desktop_text_alignment=&#8221;default&#8221; tablet_text_alignment=&#8221;default&#8221; phone_text_alignment=&#8221;default&#8221;&#8230;<\/p>\n","protected":false},"author":2,"featured_media":0,"parent":0,"menu_order":8,"comment_status":"closed","ping_status":"closed","template":"","meta":{"footnotes":""},"class_list":["post-958","page","type-page","status-publish"],"yoast_head":"<!-- This site is optimized with the Yoast SEO plugin v27.4 - https:\/\/yoast.com\/product\/yoast-seo-wordpress\/ -->\n<title>Nordic Walking &#8211; Hirzer Seilbahn<\/title>\n<meta name=\"description\" content=\"Nordic Walking verbindet Naturgenuss und k\u00f6rperliches Training und ist schonender als Joggen, aber genauso gesundheitsf\u00f6rdernd.\" \/>\n<meta name=\"robots\" content=\"index, follow, max-snippet:-1, max-image-preview:large, max-video-preview:-1\" \/>\n<link rel=\"canonical\" href=\"https:\/\/hirzerseilbahn.it\/it\/nordic-walking\/\" \/>\n<meta property=\"og:locale\" content=\"it_IT\" \/>\n<meta property=\"og:type\" content=\"article\" \/>\n<meta property=\"og:title\" content=\"Nordic Walking &#8211; Hirzer Seilbahn\" \/>\n<meta property=\"og:description\" content=\"Nordic Walking verbindet Naturgenuss und k\u00f6rperliches Training und ist schonender als Joggen, aber genauso gesundheitsf\u00f6rdernd.\" \/>\n<meta property=\"og:url\" content=\"https:\/\/hirzerseilbahn.it\/it\/nordic-walking\/\" \/>\n<meta property=\"og:site_name\" content=\"Hirzer Seilbahn\" \/>\n<meta property=\"article:publisher\" content=\"https:\/\/www.facebook.com\/profile.php?id=61558775782206\" \/>\n<meta property=\"article:modified_time\" content=\"2024-06-12T06:54:44+00:00\" \/>\n<meta name=\"twitter:card\" content=\"summary_large_image\" \/>\n<meta name=\"twitter:label1\" content=\"Tempo di lettura stimato\" \/>\n\t<meta name=\"twitter:data1\" content=\"2 minuti\" \/>\n<script type=\"application\/ld+json\" class=\"yoast-schema-graph\">{\"@context\":\"https:\\\/\\\/schema.org\",\"@graph\":[{\"@type\":\"WebPage\",\"@id\":\"https:\\\/\\\/hirzerseilbahn.it\\\/it\\\/nordic-walking\\\/\",\"url\":\"https:\\\/\\\/hirzerseilbahn.it\\\/it\\\/nordic-walking\\\/\",\"name\":\"Nordic Walking &#8211; Hirzer Seilbahn\",\"isPartOf\":{\"@id\":\"https:\\\/\\\/hirzerseilbahn.it\\\/#website\"},\"datePublished\":\"2024-04-22T08:05:58+00:00\",\"dateModified\":\"2024-06-12T06:54:44+00:00\",\"description\":\"Nordic Walking verbindet Naturgenuss und k\u00f6rperliches Training und ist schonender als Joggen, aber genauso gesundheitsf\u00f6rdernd.\",\"breadcrumb\":{\"@id\":\"https:\\\/\\\/hirzerseilbahn.it\\\/it\\\/nordic-walking\\\/#breadcrumb\"},\"inLanguage\":\"it-IT\",\"potentialAction\":[{\"@type\":\"ReadAction\",\"target\":[\"https:\\\/\\\/hirzerseilbahn.it\\\/it\\\/nordic-walking\\\/\"]}]},{\"@type\":\"BreadcrumbList\",\"@id\":\"https:\\\/\\\/hirzerseilbahn.it\\\/it\\\/nordic-walking\\\/#breadcrumb\",\"itemListElement\":[{\"@type\":\"ListItem\",\"position\":1,\"name\":\"Startseite\",\"item\":\"https:\\\/\\\/hirzerseilbahn.it\\\/it\\\/\"},{\"@type\":\"ListItem\",\"position\":2,\"name\":\"Nordic Walking\"}]},{\"@type\":\"WebSite\",\"@id\":\"https:\\\/\\\/hirzerseilbahn.it\\\/#website\",\"url\":\"https:\\\/\\\/hirzerseilbahn.it\\\/\",\"name\":\"Hirzer Seilbahn\",\"description\":\"Die Hirzer Seilbahn in Passeiertal\",\"publisher\":{\"@id\":\"https:\\\/\\\/hirzerseilbahn.it\\\/#organization\"},\"potentialAction\":[{\"@type\":\"SearchAction\",\"target\":{\"@type\":\"EntryPoint\",\"urlTemplate\":\"https:\\\/\\\/hirzerseilbahn.it\\\/?s={search_term_string}\"},\"query-input\":{\"@type\":\"PropertyValueSpecification\",\"valueRequired\":true,\"valueName\":\"search_term_string\"}}],\"inLanguage\":\"it-IT\"},{\"@type\":\"Organization\",\"@id\":\"https:\\\/\\\/hirzerseilbahn.it\\\/#organization\",\"name\":\"Hirzer Seilbahn\",\"url\":\"https:\\\/\\\/hirzerseilbahn.it\\\/\",\"logo\":{\"@type\":\"ImageObject\",\"inLanguage\":\"it-IT\",\"@id\":\"https:\\\/\\\/hirzerseilbahn.it\\\/#\\\/schema\\\/logo\\\/image\\\/\",\"url\":\"https:\\\/\\\/hirzerseilbahn.it\\\/wp-content\\\/uploads\\\/2024\\\/04\\\/logoROT_800px.png\",\"contentUrl\":\"https:\\\/\\\/hirzerseilbahn.it\\\/wp-content\\\/uploads\\\/2024\\\/04\\\/logoROT_800px.png\",\"width\":512,\"height\":512,\"caption\":\"Hirzer Seilbahn\"},\"image\":{\"@id\":\"https:\\\/\\\/hirzerseilbahn.it\\\/#\\\/schema\\\/logo\\\/image\\\/\"},\"sameAs\":[\"https:\\\/\\\/www.facebook.com\\\/profile.php?id=61558775782206\"]}]}<\/script>\n<!-- \/ Yoast SEO plugin. -->","yoast_head_json":{"title":"Nordic Walking &#8211; Hirzer Seilbahn","description":"Nordic Walking verbindet Naturgenuss und k\u00f6rperliches Training und ist schonender als Joggen, aber genauso gesundheitsf\u00f6rdernd.","robots":{"index":"index","follow":"follow","max-snippet":"max-snippet:-1","max-image-preview":"max-image-preview:large","max-video-preview":"max-video-preview:-1"},"canonical":"https:\/\/hirzerseilbahn.it\/it\/nordic-walking\/","og_locale":"it_IT","og_type":"article","og_title":"Nordic Walking &#8211; Hirzer Seilbahn","og_description":"Nordic Walking verbindet Naturgenuss und k\u00f6rperliches Training und ist schonender als Joggen, aber genauso gesundheitsf\u00f6rdernd.","og_url":"https:\/\/hirzerseilbahn.it\/it\/nordic-walking\/","og_site_name":"Hirzer Seilbahn","article_publisher":"https:\/\/www.facebook.com\/profile.php?id=61558775782206","article_modified_time":"2024-06-12T06:54:44+00:00","twitter_card":"summary_large_image","twitter_misc":{"Tempo di lettura stimato":"2 minuti"},"schema":{"@context":"https:\/\/schema.org","@graph":[{"@type":"WebPage","@id":"https:\/\/hirzerseilbahn.it\/it\/nordic-walking\/","url":"https:\/\/hirzerseilbahn.it\/it\/nordic-walking\/","name":"Nordic Walking &#8211; Hirzer Seilbahn","isPartOf":{"@id":"https:\/\/hirzerseilbahn.it\/#website"},"datePublished":"2024-04-22T08:05:58+00:00","dateModified":"2024-06-12T06:54:44+00:00","description":"Nordic Walking verbindet Naturgenuss und k\u00f6rperliches Training und ist schonender als Joggen, aber genauso gesundheitsf\u00f6rdernd.","breadcrumb":{"@id":"https:\/\/hirzerseilbahn.it\/it\/nordic-walking\/#breadcrumb"},"inLanguage":"it-IT","potentialAction":[{"@type":"ReadAction","target":["https:\/\/hirzerseilbahn.it\/it\/nordic-walking\/"]}]},{"@type":"BreadcrumbList","@id":"https:\/\/hirzerseilbahn.it\/it\/nordic-walking\/#breadcrumb","itemListElement":[{"@type":"ListItem","position":1,"name":"Startseite","item":"https:\/\/hirzerseilbahn.it\/it\/"},{"@type":"ListItem","position":2,"name":"Nordic Walking"}]},{"@type":"WebSite","@id":"https:\/\/hirzerseilbahn.it\/#website","url":"https:\/\/hirzerseilbahn.it\/","name":"Hirzer Seilbahn","description":"Die Hirzer Seilbahn in Passeiertal","publisher":{"@id":"https:\/\/hirzerseilbahn.it\/#organization"},"potentialAction":[{"@type":"SearchAction","target":{"@type":"EntryPoint","urlTemplate":"https:\/\/hirzerseilbahn.it\/?s={search_term_string}"},"query-input":{"@type":"PropertyValueSpecification","valueRequired":true,"valueName":"search_term_string"}}],"inLanguage":"it-IT"},{"@type":"Organization","@id":"https:\/\/hirzerseilbahn.it\/#organization","name":"Hirzer Seilbahn","url":"https:\/\/hirzerseilbahn.it\/","logo":{"@type":"ImageObject","inLanguage":"it-IT","@id":"https:\/\/hirzerseilbahn.it\/#\/schema\/logo\/image\/","url":"https:\/\/hirzerseilbahn.it\/wp-content\/uploads\/2024\/04\/logoROT_800px.png","contentUrl":"https:\/\/hirzerseilbahn.it\/wp-content\/uploads\/2024\/04\/logoROT_800px.png","width":512,"height":512,"caption":"Hirzer Seilbahn"},"image":{"@id":"https:\/\/hirzerseilbahn.it\/#\/schema\/logo\/image\/"},"sameAs":["https:\/\/www.facebook.com\/profile.php?id=61558775782206"]}]}},"_links":{"self":[{"href":"https:\/\/hirzerseilbahn.it\/it\/wp-json\/wp\/v2\/pages\/958","targetHints":{"allow":["GET"]}}],"collection":[{"href":"https:\/\/hirzerseilbahn.it\/it\/wp-json\/wp\/v2\/pages"}],"about":[{"href":"https:\/\/hirzerseilbahn.it\/it\/wp-json\/wp\/v2\/types\/page"}],"author":[{"embeddable":true,"href":"https:\/\/hirzerseilbahn.it\/it\/wp-json\/wp\/v2\/users\/2"}],"replies":[{"embeddable":true,"href":"https:\/\/hirzerseilbahn.it\/it\/wp-json\/wp\/v2\/comments?post=958"}],"version-history":[{"count":6,"href":"https:\/\/hirzerseilbahn.it\/it\/wp-json\/wp\/v2\/pages\/958\/revisions"}],"predecessor-version":[{"id":1588,"href":"https:\/\/hirzerseilbahn.it\/it\/wp-json\/wp\/v2\/pages\/958\/revisions\/1588"}],"wp:attachment":[{"href":"https:\/\/hirzerseilbahn.it\/it\/wp-json\/wp\/v2\/media?parent=958"}],"curies":[{"name":"wp","href":"https:\/\/api.w.org\/{rel}","templated":true}]}}