{"id":978,"date":"2024-04-22T09:56:21","date_gmt":"2024-04-22T07:56:21","guid":{"rendered":"https:\/\/hirzerseilbahn.it\/impressum\/"},"modified":"2024-05-15T08:27:15","modified_gmt":"2024-05-15T06:27:15","slug":"colophon","status":"publish","type":"page","link":"https:\/\/hirzerseilbahn.it\/it\/colophon\/","title":{"rendered":"Colophon"},"content":{"rendered":"[vc_row type=&#8221;in_container&#8221; full_screen_row_position=&#8221;middle&#8221; column_margin=&#8221;default&#8221; column_direction=&#8221;default&#8221; column_direction_tablet=&#8221;default&#8221; column_direction_phone=&#8221;default&#8221; scene_position=&#8221;center&#8221; text_color=&#8221;dark&#8221; text_align=&#8221;left&#8221; row_border_radius=&#8221;none&#8221; row_border_radius_applies=&#8221;bg&#8221; overflow=&#8221;visible&#8221; overlay_strength=&#8221;0.3&#8243; gradient_direction=&#8221;left_to_right&#8221; shape_divider_position=&#8221;bottom&#8221; bg_image_animation=&#8221;none&#8221;][vc_column column_padding=&#8221;no-extra-padding&#8221; column_padding_tablet=&#8221;inherit&#8221; column_padding_phone=&#8221;inherit&#8221; column_padding_position=&#8221;all&#8221; column_element_direction_desktop=&#8221;default&#8221; column_element_spacing=&#8221;default&#8221; desktop_text_alignment=&#8221;default&#8221; tablet_text_alignment=&#8221;default&#8221; phone_text_alignment=&#8221;default&#8221; background_color_opacity=&#8221;1&#8243; background_hover_color_opacity=&#8221;1&#8243; column_backdrop_filter=&#8221;none&#8221; column_shadow=&#8221;none&#8221; column_border_radius=&#8221;none&#8221; column_link_target=&#8221;_self&#8221; column_position=&#8221;default&#8221; gradient_direction=&#8221;left_to_right&#8221; overlay_strength=&#8221;0.3&#8243; width=&#8221;1\/1&#8243; tablet_width_inherit=&#8221;default&#8221; animation_type=&#8221;default&#8221; bg_image_animation=&#8221;none&#8221; border_type=&#8221;simple&#8221; column_border_width=&#8221;none&#8221; column_border_style=&#8221;solid&#8221;][vc_row_inner column_margin=&#8221;default&#8221; column_direction=&#8221;default&#8221; column_direction_tablet=&#8221;default&#8221; column_direction_phone=&#8221;default&#8221; text_align=&#8221;left&#8221; row_position=&#8221;default&#8221; row_position_tablet=&#8221;inherit&#8221; row_position_phone=&#8221;inherit&#8221; overflow=&#8221;visible&#8221; pointer_events=&#8221;all&#8221;][vc_column_inner column_padding=&#8221;no-extra-padding&#8221; column_padding_tablet=&#8221;inherit&#8221; column_padding_phone=&#8221;inherit&#8221; column_padding_position=&#8221;all&#8221; column_element_direction_desktop=&#8221;default&#8221; column_element_spacing=&#8221;default&#8221; desktop_text_alignment=&#8221;default&#8221; tablet_text_alignment=&#8221;default&#8221; phone_text_alignment=&#8221;default&#8221; background_color_opacity=&#8221;1&#8243; background_hover_color_opacity=&#8221;1&#8243; column_backdrop_filter=&#8221;none&#8221; column_shadow=&#8221;none&#8221; column_border_radius=&#8221;none&#8221; column_link_target=&#8221;_self&#8221; overflow=&#8221;visible&#8221; gradient_direction=&#8221;left_to_right&#8221; overlay_strength=&#8221;0.3&#8243; width=&#8221;1\/1&#8243; tablet_width_inherit=&#8221;default&#8221; animation_type=&#8221;default&#8221; bg_image_animation=&#8221;none&#8221; border_type=&#8221;simple&#8221; column_border_width=&#8221;none&#8221; column_border_style=&#8221;solid&#8221;][vc_raw_html css=&#8221;&#8221;]JTNDYSUyMGhyZWYlM0QlMjIlMjMlMjIlMjBvbmNsaWNrJTNEJTIyd2luZG93Lmhpc3RvcnkuYmFjayUyOCUyOSUzQiUyMiUzRSVFMiU4NiU5MCUyMGluZGlldHJvJTNDJTJGYSUzRQ==[\/vc_raw_html][\/vc_column_inner][\/vc_row_inner][vc_row_inner column_margin=&#8221;default&#8221; column_direction=&#8221;default&#8221; column_direction_tablet=&#8221;default&#8221; column_direction_phone=&#8221;default&#8221; text_align=&#8221;left&#8221; row_position=&#8221;default&#8221; row_position_tablet=&#8221;inherit&#8221; row_position_phone=&#8221;inherit&#8221; overflow=&#8221;visible&#8221; pointer_events=&#8221;all&#8221;][vc_column_inner column_padding=&#8221;no-extra-padding&#8221; column_padding_tablet=&#8221;inherit&#8221; column_padding_phone=&#8221;inherit&#8221; column_padding_position=&#8221;all&#8221; column_element_direction_desktop=&#8221;default&#8221; column_element_spacing=&#8221;default&#8221; desktop_text_alignment=&#8221;default&#8221; tablet_text_alignment=&#8221;default&#8221; phone_text_alignment=&#8221;default&#8221; background_color_opacity=&#8221;1&#8243; background_hover_color_opacity=&#8221;1&#8243; column_backdrop_filter=&#8221;none&#8221; column_shadow=&#8221;none&#8221; column_border_radius=&#8221;none&#8221; column_link_target=&#8221;_self&#8221; overflow=&#8221;visible&#8221; gradient_direction=&#8221;left_to_right&#8221; overlay_strength=&#8221;0.3&#8243; width=&#8221;1\/1&#8243; tablet_width_inherit=&#8221;default&#8221; animation_type=&#8221;default&#8221; bg_image_animation=&#8221;none&#8221; border_type=&#8221;simple&#8221; column_border_width=&#8221;none&#8221; column_border_style=&#8221;solid&#8221;][vc_column_text css=&#8221;&#8221; text_direction=&#8221;default&#8221;]\n<div id=\"c80\" class=\"frame frame-default frame-type-textmedia frame-layout-0\">\n<header>\n<h1 class=\"\">Colophon<\/h1>\n<\/header>\n<div class=\"ce-textpic ce-center ce-above\"><\/div>\n<\/div>\n<div id=\"c79\" class=\"frame frame-default frame-type-textmedia frame-layout-0 frame-space-before-small\">\n<div class=\"ce-textpic ce-center ce-above\">\n<div class=\"ce-bodytext\">\n<div class=\"ce-textpic ce-center ce-above\">\n<div class=\"ce-bodytext\">\n<p><strong>Propriet\u00e0 del sito<\/strong><br \/>\nSeilbahnanlagen Hirzer srl, legale rappresentante: Kr\u00f6ll Alois Peter<\/p>\n<p>piazza Erzherzog Johann, 1<br \/>\n39017 Scena<br \/>\n<a href=\"mailto:seilbahn.hirzer@rolmail.net\">seilbahn.hirzer@rolmail.net<\/a><\/p>\n<\/div>\n<\/div>\n<\/div>\n<\/div>\n<\/div>\n<div id=\"c81\" class=\"frame frame-default frame-type-textmedia frame-layout-0 frame-space-before-small\">\n<div class=\"ce-textpic ce-center ce-above\">\n<div class=\"ce-bodytext\">\n<p><strong>Design e programmazione web<br \/>\n<\/strong><a href=\"https:\/\/fahrner.it\/\" target=\"_blank\" rel=\"noopener noreferrer\">www.fahrner.it<\/a><\/p>\n<\/div>\n<\/div>\n<\/div>\n<div id=\"c82\" class=\"frame frame-default frame-type-textmedia frame-layout-0 frame-space-before-small\">\n<div class=\"ce-textpic ce-center ce-above\">\n<div class=\"ce-bodytext\">\n<p><strong>Esclusione della responsabilit\u00e0<\/strong><br \/>\nIl proprietario non garantisce per l&#8217;attualit\u00e0, la correttezza, la completezza e la qualit\u00e0 dei contenuti del sito e declina ogni responsabilit\u00e0, nei confronti dell&#8217;utente e di terzi, per danni materiali e ideali derivanti dalla fruizione o non-fruizione di informazioni e servizi offerti sul sito, oppure derivanti dalla fruizione di informazioni errate o incomplete, non attribuibili a dolo o colpa grave.<br \/>\nInoltre, il proprietario non risponde di informazioni provenienti da altri siti internet, n\u00e9 di collegamenti e rimandi da essi pubblicati.<\/p>\n<p><strong>Crediti delle immagini<\/strong><br \/>\nI diritti delle immagini pubblicate su questo sito sono di propriet\u00e0 di:<\/p>\n<p>Seilbahnanlagen Hirzer GmbH<br \/>\nPhotowerkspeyer<br \/>\nTourismusverein Passeier\/Benjamin Pfitscher<br \/>\nTourismusverein Passeier\/Peter Blaha<br \/>\nTourismusverein Passeier\/Kassian Plangger<br \/>\nJudith Kuen<\/p>\n<\/div>\n<\/div>\n<\/div>\n[\/vc_column_text][\/vc_column_inner][\/vc_row_inner][\/vc_column][\/vc_row]\n","protected":false},"excerpt":{"rendered":"<p>[vc_row type=&#8221;in_container&#8221; full_screen_row_position=&#8221;middle&#8221; column_margin=&#8221;default&#8221; column_direction=&#8221;default&#8221; column_direction_tablet=&#8221;default&#8221; column_direction_phone=&#8221;default&#8221; scene_position=&#8221;center&#8221; text_color=&#8221;dark&#8221; text_align=&#8221;left&#8221; row_border_radius=&#8221;none&#8221; row_border_radius_applies=&#8221;bg&#8221; overflow=&#8221;visible&#8221; overlay_strength=&#8221;0.3&#8243; gradient_direction=&#8221;left_to_right&#8221; shape_divider_position=&#8221;bottom&#8221; bg_image_animation=&#8221;none&#8221;][vc_column column_padding=&#8221;no-extra-padding&#8221; column_padding_tablet=&#8221;inherit&#8221; column_padding_phone=&#8221;inherit&#8221; column_padding_position=&#8221;all&#8221; column_element_direction_desktop=&#8221;default&#8221; column_element_spacing=&#8221;default&#8221; desktop_text_alignment=&#8221;default&#8221; tablet_text_alignment=&#8221;default&#8221; phone_text_alignment=&#8221;default&#8221; background_color_opacity=&#8221;1&#8243; background_hover_color_opacity=&#8221;1&#8243; column_backdrop_filter=&#8221;none&#8221; column_shadow=&#8221;none&#8221;&#8230;<\/p>\n","protected":false},"author":2,"featured_media":0,"parent":0,"menu_order":13,"comment_status":"closed","ping_status":"closed","template":"","meta":{"footnotes":""},"class_list":["post-978","page","type-page","status-publish"],"yoast_head":"<!-- This site is optimized with the Yoast SEO plugin v27.4 - https:\/\/yoast.com\/product\/yoast-seo-wordpress\/ -->\n<title>Colophon &#8211; Hirzer Seilbahn<\/title>\n<meta name=\"robots\" content=\"index, follow, max-snippet:-1, max-image-preview:large, max-video-preview:-1\" \/>\n<link rel=\"canonical\" href=\"https:\/\/hirzerseilbahn.it\/it\/colophon\/\" \/>\n<meta property=\"og:locale\" content=\"it_IT\" \/>\n<meta property=\"og:type\" content=\"article\" \/>\n<meta property=\"og:title\" content=\"Colophon &#8211; Hirzer Seilbahn\" \/>\n<meta property=\"og:description\" content=\"[vc_row type=&#8221;in_container&#8221; full_screen_row_position=&#8221;middle&#8221; column_margin=&#8221;default&#8221; column_direction=&#8221;default&#8221; column_direction_tablet=&#8221;default&#8221; column_direction_phone=&#8221;default&#8221; scene_position=&#8221;center&#8221; text_color=&#8221;dark&#8221; text_align=&#8221;left&#8221; row_border_radius=&#8221;none&#8221; row_border_radius_applies=&#8221;bg&#8221; overflow=&#8221;visible&#8221; overlay_strength=&#8221;0.3&#8243; gradient_direction=&#8221;left_to_right&#8221; shape_divider_position=&#8221;bottom&#8221; bg_image_animation=&#8221;none&#8221;][vc_column column_padding=&#8221;no-extra-padding&#8221; column_padding_tablet=&#8221;inherit&#8221; column_padding_phone=&#8221;inherit&#8221; column_padding_position=&#8221;all&#8221; column_element_direction_desktop=&#8221;default&#8221; column_element_spacing=&#8221;default&#8221; desktop_text_alignment=&#8221;default&#8221; tablet_text_alignment=&#8221;default&#8221; phone_text_alignment=&#8221;default&#8221; background_color_opacity=&#8221;1&#8243; background_hover_color_opacity=&#8221;1&#8243; column_backdrop_filter=&#8221;none&#8221; column_shadow=&#8221;none&#8221;...\" \/>\n<meta property=\"og:url\" content=\"https:\/\/hirzerseilbahn.it\/it\/colophon\/\" \/>\n<meta property=\"og:site_name\" content=\"Hirzer Seilbahn\" \/>\n<meta property=\"article:publisher\" content=\"https:\/\/www.facebook.com\/profile.php?id=61558775782206\" \/>\n<meta property=\"article:modified_time\" content=\"2024-05-15T06:27:15+00:00\" \/>\n<meta name=\"twitter:card\" content=\"summary_large_image\" \/>\n<meta name=\"twitter:label1\" content=\"Tempo di lettura stimato\" \/>\n\t<meta name=\"twitter:data1\" content=\"2 minuti\" \/>\n<script type=\"application\/ld+json\" class=\"yoast-schema-graph\">{\"@context\":\"https:\\\/\\\/schema.org\",\"@graph\":[{\"@type\":\"WebPage\",\"@id\":\"https:\\\/\\\/hirzerseilbahn.it\\\/it\\\/colophon\\\/\",\"url\":\"https:\\\/\\\/hirzerseilbahn.it\\\/it\\\/colophon\\\/\",\"name\":\"Colophon &#8211; Hirzer Seilbahn\",\"isPartOf\":{\"@id\":\"https:\\\/\\\/hirzerseilbahn.it\\\/#website\"},\"datePublished\":\"2024-04-22T07:56:21+00:00\",\"dateModified\":\"2024-05-15T06:27:15+00:00\",\"breadcrumb\":{\"@id\":\"https:\\\/\\\/hirzerseilbahn.it\\\/it\\\/colophon\\\/#breadcrumb\"},\"inLanguage\":\"it-IT\",\"potentialAction\":[{\"@type\":\"ReadAction\",\"target\":[\"https:\\\/\\\/hirzerseilbahn.it\\\/it\\\/colophon\\\/\"]}]},{\"@type\":\"BreadcrumbList\",\"@id\":\"https:\\\/\\\/hirzerseilbahn.it\\\/it\\\/colophon\\\/#breadcrumb\",\"itemListElement\":[{\"@type\":\"ListItem\",\"position\":1,\"name\":\"Startseite\",\"item\":\"https:\\\/\\\/hirzerseilbahn.it\\\/it\\\/\"},{\"@type\":\"ListItem\",\"position\":2,\"name\":\"Colophon\"}]},{\"@type\":\"WebSite\",\"@id\":\"https:\\\/\\\/hirzerseilbahn.it\\\/#website\",\"url\":\"https:\\\/\\\/hirzerseilbahn.it\\\/\",\"name\":\"Hirzer Seilbahn\",\"description\":\"Die Hirzer Seilbahn in Passeiertal\",\"publisher\":{\"@id\":\"https:\\\/\\\/hirzerseilbahn.it\\\/#organization\"},\"potentialAction\":[{\"@type\":\"SearchAction\",\"target\":{\"@type\":\"EntryPoint\",\"urlTemplate\":\"https:\\\/\\\/hirzerseilbahn.it\\\/?s={search_term_string}\"},\"query-input\":{\"@type\":\"PropertyValueSpecification\",\"valueRequired\":true,\"valueName\":\"search_term_string\"}}],\"inLanguage\":\"it-IT\"},{\"@type\":\"Organization\",\"@id\":\"https:\\\/\\\/hirzerseilbahn.it\\\/#organization\",\"name\":\"Hirzer Seilbahn\",\"url\":\"https:\\\/\\\/hirzerseilbahn.it\\\/\",\"logo\":{\"@type\":\"ImageObject\",\"inLanguage\":\"it-IT\",\"@id\":\"https:\\\/\\\/hirzerseilbahn.it\\\/#\\\/schema\\\/logo\\\/image\\\/\",\"url\":\"https:\\\/\\\/hirzerseilbahn.it\\\/wp-content\\\/uploads\\\/2024\\\/04\\\/logoROT_800px.png\",\"contentUrl\":\"https:\\\/\\\/hirzerseilbahn.it\\\/wp-content\\\/uploads\\\/2024\\\/04\\\/logoROT_800px.png\",\"width\":512,\"height\":512,\"caption\":\"Hirzer Seilbahn\"},\"image\":{\"@id\":\"https:\\\/\\\/hirzerseilbahn.it\\\/#\\\/schema\\\/logo\\\/image\\\/\"},\"sameAs\":[\"https:\\\/\\\/www.facebook.com\\\/profile.php?id=61558775782206\"]}]}<\/script>\n<!-- \/ Yoast SEO plugin. -->","yoast_head_json":{"title":"Colophon &#8211; Hirzer Seilbahn","robots":{"index":"index","follow":"follow","max-snippet":"max-snippet:-1","max-image-preview":"max-image-preview:large","max-video-preview":"max-video-preview:-1"},"canonical":"https:\/\/hirzerseilbahn.it\/it\/colophon\/","og_locale":"it_IT","og_type":"article","og_title":"Colophon &#8211; Hirzer Seilbahn","og_description":"[vc_row type=&#8221;in_container&#8221; full_screen_row_position=&#8221;middle&#8221; column_margin=&#8221;default&#8221; column_direction=&#8221;default&#8221; column_direction_tablet=&#8221;default&#8221; column_direction_phone=&#8221;default&#8221; scene_position=&#8221;center&#8221; text_color=&#8221;dark&#8221; text_align=&#8221;left&#8221; row_border_radius=&#8221;none&#8221; row_border_radius_applies=&#8221;bg&#8221; overflow=&#8221;visible&#8221; overlay_strength=&#8221;0.3&#8243; gradient_direction=&#8221;left_to_right&#8221; shape_divider_position=&#8221;bottom&#8221; bg_image_animation=&#8221;none&#8221;][vc_column column_padding=&#8221;no-extra-padding&#8221; column_padding_tablet=&#8221;inherit&#8221; column_padding_phone=&#8221;inherit&#8221; column_padding_position=&#8221;all&#8221; column_element_direction_desktop=&#8221;default&#8221; column_element_spacing=&#8221;default&#8221; desktop_text_alignment=&#8221;default&#8221; tablet_text_alignment=&#8221;default&#8221; phone_text_alignment=&#8221;default&#8221; background_color_opacity=&#8221;1&#8243; background_hover_color_opacity=&#8221;1&#8243; column_backdrop_filter=&#8221;none&#8221; column_shadow=&#8221;none&#8221;...","og_url":"https:\/\/hirzerseilbahn.it\/it\/colophon\/","og_site_name":"Hirzer Seilbahn","article_publisher":"https:\/\/www.facebook.com\/profile.php?id=61558775782206","article_modified_time":"2024-05-15T06:27:15+00:00","twitter_card":"summary_large_image","twitter_misc":{"Tempo di lettura stimato":"2 minuti"},"schema":{"@context":"https:\/\/schema.org","@graph":[{"@type":"WebPage","@id":"https:\/\/hirzerseilbahn.it\/it\/colophon\/","url":"https:\/\/hirzerseilbahn.it\/it\/colophon\/","name":"Colophon &#8211; Hirzer Seilbahn","isPartOf":{"@id":"https:\/\/hirzerseilbahn.it\/#website"},"datePublished":"2024-04-22T07:56:21+00:00","dateModified":"2024-05-15T06:27:15+00:00","breadcrumb":{"@id":"https:\/\/hirzerseilbahn.it\/it\/colophon\/#breadcrumb"},"inLanguage":"it-IT","potentialAction":[{"@type":"ReadAction","target":["https:\/\/hirzerseilbahn.it\/it\/colophon\/"]}]},{"@type":"BreadcrumbList","@id":"https:\/\/hirzerseilbahn.it\/it\/colophon\/#breadcrumb","itemListElement":[{"@type":"ListItem","position":1,"name":"Startseite","item":"https:\/\/hirzerseilbahn.it\/it\/"},{"@type":"ListItem","position":2,"name":"Colophon"}]},{"@type":"WebSite","@id":"https:\/\/hirzerseilbahn.it\/#website","url":"https:\/\/hirzerseilbahn.it\/","name":"Hirzer Seilbahn","description":"Die Hirzer Seilbahn in Passeiertal","publisher":{"@id":"https:\/\/hirzerseilbahn.it\/#organization"},"potentialAction":[{"@type":"SearchAction","target":{"@type":"EntryPoint","urlTemplate":"https:\/\/hirzerseilbahn.it\/?s={search_term_string}"},"query-input":{"@type":"PropertyValueSpecification","valueRequired":true,"valueName":"search_term_string"}}],"inLanguage":"it-IT"},{"@type":"Organization","@id":"https:\/\/hirzerseilbahn.it\/#organization","name":"Hirzer Seilbahn","url":"https:\/\/hirzerseilbahn.it\/","logo":{"@type":"ImageObject","inLanguage":"it-IT","@id":"https:\/\/hirzerseilbahn.it\/#\/schema\/logo\/image\/","url":"https:\/\/hirzerseilbahn.it\/wp-content\/uploads\/2024\/04\/logoROT_800px.png","contentUrl":"https:\/\/hirzerseilbahn.it\/wp-content\/uploads\/2024\/04\/logoROT_800px.png","width":512,"height":512,"caption":"Hirzer Seilbahn"},"image":{"@id":"https:\/\/hirzerseilbahn.it\/#\/schema\/logo\/image\/"},"sameAs":["https:\/\/www.facebook.com\/profile.php?id=61558775782206"]}]}},"_links":{"self":[{"href":"https:\/\/hirzerseilbahn.it\/it\/wp-json\/wp\/v2\/pages\/978","targetHints":{"allow":["GET"]}}],"collection":[{"href":"https:\/\/hirzerseilbahn.it\/it\/wp-json\/wp\/v2\/pages"}],"about":[{"href":"https:\/\/hirzerseilbahn.it\/it\/wp-json\/wp\/v2\/types\/page"}],"author":[{"embeddable":true,"href":"https:\/\/hirzerseilbahn.it\/it\/wp-json\/wp\/v2\/users\/2"}],"replies":[{"embeddable":true,"href":"https:\/\/hirzerseilbahn.it\/it\/wp-json\/wp\/v2\/comments?post=978"}],"version-history":[{"count":7,"href":"https:\/\/hirzerseilbahn.it\/it\/wp-json\/wp\/v2\/pages\/978\/revisions"}],"predecessor-version":[{"id":1139,"href":"https:\/\/hirzerseilbahn.it\/it\/wp-json\/wp\/v2\/pages\/978\/revisions\/1139"}],"wp:attachment":[{"href":"https:\/\/hirzerseilbahn.it\/it\/wp-json\/wp\/v2\/media?parent=978"}],"curies":[{"name":"wp","href":"https:\/\/api.w.org\/{rel}","templated":true}]}}